{"id":15635,"date":"2024-03-28T21:30:26","date_gmt":"2024-03-28T20:30:26","guid":{"rendered":"https:\/\/piebm.org\/politica-de-privacidad\/"},"modified":"2026-01-19T14:35:14","modified_gmt":"2026-01-19T13:35:14","slug":"politica-de-privacidad","status":"publish","type":"page","link":"https:\/\/piebm.org\/es\/politica-de-privacidad\/","title":{"rendered":"Pol\u00edtica de privacidad"},"content":{"rendered":"\t\t<div data-elementor-type=\"wp-page\" data-elementor-id=\"15635\" class=\"elementor elementor-15635 elementor-5048\">\n\t\t\t\t<div class=\"elementor-element elementor-element-a76b4f6 e-flex e-con-boxed e-con e-parent\" data-id=\"a76b4f6\" data-element_type=\"container\" data-e-type=\"container\" data-settings=\"{&quot;jet_parallax_layout_list&quot;:[]}\">\n\t\t\t\t\t<div class=\"e-con-inner\">\n\t\t\t\t<div class=\"elementor-element elementor-element-5961727 elementor-widget elementor-widget-text-editor\" data-id=\"5961727\" data-element_type=\"widget\" data-e-type=\"widget\" data-widget_type=\"text-editor.default\">\n\t\t\t\t<div class=\"elementor-widget-container\">\n\t\t\t\t\t\t\t\t\t<h4>Responsable del tratamiento de datos personales<\/h4>\n<p>El responsable del tratamiento de sus datos personales es Fundacja Polski Instytut Evidence Based Medicine (Polish Institute for Evidence Based Medicine; en adelante \u00abResponsable\u00bb) con domicilio social en ul. Gazowa 14A, 31-060 Krak\u00f3w, Polonia. El Responsable puede ser contactado por correo tradicional a la direcci\u00f3n indicada o por correo electr\u00f3nico a contact@piebm.org.<\/p>\n<h4>Delegado de protecci\u00f3n de datos<\/h4>\n<p>Puede ponerse en contacto con el Delegado de protecci\u00f3n de datos del Responsable escribiendo a iod@piebm.org.<\/p>\n<h4>Base jur\u00eddica<\/h4>\n<p>Los datos personales se tratan conforme al Reglamento (UE) 2016\/679 del Parlamento Europeo y del Consejo, de 27 de abril de 2016, relativo a la protecci\u00f3n de las personas f\u00edsicas en lo que respecta al tratamiento de datos personales y a la libre circulaci\u00f3n de estos datos y por el que se deroga la Directiva 95\/46\/CE (Reglamento General de Protecci\u00f3n de Datos; RGPD), as\u00ed como en virtud de la Ley polaca sobre Fundaciones de 6 de abril de 1984.<\/p>\n<h4>Contacto<\/h4>\n<p>Utilizamos los datos personales que usted nos ha proporcionado al contactarnos (como su nombre y apellidos, direcci\u00f3n de correo electr\u00f3nico y otros datos incluidos en su mensaje al Responsable). La comunicaci\u00f3n de estos datos es necesaria para que podamos ponerse en contacto con usted.<\/p>\n<p>Utilizamos los datos personales que nos ha proporcionado para responder a su consulta. El tratamiento de sus datos personales se basa en nuestro inter\u00e9s leg\u00edtimo en mantener una comunicaci\u00f3n efectiva con usted, conforme al art. 6.1.f) del RGPD. Sus datos personales ser\u00e1n tratados por el Responsable durante 5 a\u00f1os, tras lo cual se revisar\u00e1 su necesidad y podr\u00e1n ser eliminados en caso de ya no ser necesarios.<\/p>\n<p>No recogemos datos personales de terceros.<\/p>\n<p>El Responsable no tomar\u00e1 decisiones automatizadas sobre estos datos.<\/p>\n<h4>Contactos profesionales<\/h4>\n<p>Los datos personales se tratan con el fin de intercambiar informaci\u00f3n en el marco de contactos profesionales. El tratamiento de sus datos personales se basa en nuestro inter\u00e9s leg\u00edtimo conforme al art. 6.1.f) del RGPD. Podemos obtener datos personales de terceros, incluidos empleados, colaboradores, voluntarios, beneficiarios, contratistas, clientes u oficiales. Los datos personales ser\u00e1n tratados por el Responsable de forma indefinida.<\/p>\n<p>El Responsable no tomar\u00e1 decisiones automatizadas sobre estos datos. <\/p>\n<h4>Donaciones<\/h4>\n<p>Utilizamos los datos personales que usted ha proporcionado en el formulario de pago o transferencia bancaria (como su nombre y apellidos, direcci\u00f3n, correo electr\u00f3nico y n\u00famero de cuenta bancaria). La comunicaci\u00f3n de estos datos es necesaria si desea apoyar nuestra actividad. Utilizamos los datos personales que nos ha proporcionado para facilitar y gestionar su donaci\u00f3n al Responsable. El tratamiento de sus datos personales se basa en el art. 6.1.b) del RGPD. Tambi\u00e9n utilizamos los datos mencionados para emitir documentos contables que registran las donaciones, lo cual constituye nuestra obligaci\u00f3n legal, conforme al art. 6.1.c) del RGPD. Sus datos personales ser\u00e1n tratados con este fin durante 5 a\u00f1os tras la liquidaci\u00f3n de su donaci\u00f3n. <\/p>\n<p>Utilizamos sus datos personales como el correo electr\u00f3nico y direcci\u00f3n postal para enviarle una nota de agradecimiento e informaci\u00f3n sobre nuestra actividad financiada gracias a su apoyo. El tratamiento de sus datos personales se basa en nuestro inter\u00e9s leg\u00edtimo conforme al art. 6.1.f) del RGPD. Sus datos personales ser\u00e1n tratados con este fin durante 1 a\u00f1o tras su apoyo o hasta que usted se oponga a este tratamiento, cualquiera que sea anterior.\n<\/p>\n<p>No recogemos datos personales de terceros.<\/p>\n<p>El Responsable no tomar\u00e1 decisiones automatizadas sobre estos datos. <\/p>\n<h4>Facturaci\u00f3n<\/h4>\n<p>Tratamos sus datos personales para la emisi\u00f3n de facturas y pago, conforme al art. 6.1.b) del RGPD, as\u00ed como para la liquidaci\u00f3n de facturas, conforme al art. 6.1.c) del RGPD, en virtud de la Ley polaca de 29 de septiembre de 1994 sobre Contabilidad. El Responsable tratar\u00e1 sus datos personales durante 5 a\u00f1os desde el inicio del a\u00f1o siguiente al de la emisi\u00f3n de los documentos contables. <\/p>\n<p>No recogemos datos personales de terceros.<\/p>\n<p>El Responsable no tomar\u00e1 decisiones automatizadas sobre estos datos. <\/p>\n<h4><i>Newsletter<\/i><\/h4>\n<p>Utilizamos su direcci\u00f3n de correo electr\u00f3nico para informarle sobre nuestra actividad, as\u00ed como sobre acciones planificadas y emprendidas. El tratamiento de sus datos personales se basa en su consentimiento para el tratamiento de estos datos, conforme al art. 6.1.a) del RGPD. Puede cancelar la suscripci\u00f3n al bolet\u00edn en cualquier momento, escribiendo al Responsable. Trataremos sus datos hasta que retire su consentimiento o mientras el Responsable siga enviando el bolet\u00edn.<\/p>\n<p>No recogemos datos personales de terceros<\/p>\n<p>El Responsable no tomar\u00e1 decisiones automatizadas sobre estos datos. <\/p>\n<h4>Participantes en reuniones<\/h4>\n<p>Tratamos sus datos personales para permitir su participaci\u00f3n en reuniones y talleres en l\u00ednea organizados por el Responsable, incluso para poder establecer contacto con usted. El tratamiento se basa en art. 6.1.b) del RGPD. Sus datos se conservar\u00e1n hasta el final de la reuni\u00f3n. Tambi\u00e9n trataremos sus datos para la formulaci\u00f3n, ejercicio o defensa de reclamaciones. El tratamiento de sus datos personales con este fin se basa en nuestro inter\u00e9s leg\u00edtimo conforme al art. 6.1.f) del RGPD. Sus datos personales ser\u00e1n conservados con este fin durante 3 a\u00f1os despu\u00e9s del final de la reuni\u00f3n\/del taller.<\/p>\n<p>No recogemos datos personales de terceros.<\/p>\n<p>El Responsable no tomar\u00e1 decisiones automatizadas sobre estos datos. <\/p>\n<h4>Registro en la plataforma www.ebm.one y uso del servicio<\/h4>\n<p>Tratamos sus datos personales para crear y administrar su cuenta de usuario de conformidad con los t\u00e9rminos y condiciones de uso de la plataforma, as\u00ed como para facilitar el acceso a la oferta del Responsable, conforme al art. 6.1.b) y 6.1.c) del RGPD. Los datos se conservar\u00e1n durante el uso del sistema y posteriormente durante 5 a\u00f1os, lo que se relaciona con la ejecuci\u00f3n del contrato y con el cumplimiento de obligaciones legales impuestas al Responsable, tales como la liquidaci\u00f3n de pagos. Adem\u00e1s, los datos podr\u00e1n tratarse para la defensa o ejercicio de reclamaciones legales, conforme al art. 6.1.f) del RGPD. Sus datos personales ser\u00e1n tratados con este fin durante 3 a\u00f1os despu\u00e9s del final del uso de la plataforma.<\/p>\n<p>Los datos personales tambi\u00e9n podr\u00e1n tratarse para enviar informaci\u00f3n de mercadotecnia, informaci\u00f3n comercial y promocional sobre todas las actividades del Responsable, conforme al art. 6.1.a) del RGPD. Trataremos sus datos hasta que retire su consentimiento o hasta que se cumpla el objetivo del Responsable.<\/p>\n<p>No recogemos datos personales de terceros.<\/p>\n<p>El Responsable tiene intenci\u00f3n de transferir datos a un tercer pa\u00eds u organizaci\u00f3n internacional en relaci\u00f3n con el uso del sistema Stripe para la liquidaci\u00f3n de pagos. El proveedor del software est\u00e1 adherido al Data Privacy Framework Program, que regula el intercambio de datos personales entre Estados Unidos y la Uni\u00f3n Europea.<\/p>\n<p>El Responsable no tomar\u00e1 decisiones automatizadas sobre estos datos. <\/p>\n<h4><span style=\"text-decoration: underline;\">Informaci\u00f3n para candidatos y trabajadores<\/span><\/h4>\n<h4>Prestaciones por cuidado de menores<\/h4>\n<h6>Solicitante<\/h6>\n<p>Tratamos los datos personales de su hijo porque ha presentado una solicitud de prestaciones por cuidado de menores, conforme al art. 6.1.c) y art. 9.2.h) del RGPD. Los datos se conservar\u00e1n durante 5 a\u00f1os y posteriormente se manejar\u00e1n como datos archivados.<\/p>\n<p>Tratamos sus datos personales porque ha presentado una solicitud de prestaciones por cuidado de menores, conforme al art. 6.1.c) del RGPD. Los datos se conservar\u00e1n durante 5 a\u00f1os y posteriormente se manejar\u00e1n como datos archivados.<\/p>\n<h6>Otro progenitor\/c\u00f3nyuge\/otro miembro de la familia del solicitante<\/h6>\n<p>Tratamos sus datos personales porque la madre o el padre de su hijo o su c\u00f3nyuge\/familiar ha presentado una solicitud de prestaciones por cuidado de menores, conforme al art. 6.1.c) del RGPD. Los datos se conservar\u00e1n durante 5 a\u00f1os y posteriormente se manejar\u00e1n como datos archivados.<\/p>\n<p>El Responsable no tomar\u00e1 decisiones automatizadas sobre estos datos.<\/p>\n<h4>Prestaciones por cuidado de familiar enfermo<\/h4>\n<h6>Solicitante<\/h6>\n<p>Tratamos sus datos personales porque ha presentado una solicitud de prestaciones por cuidado de familiar enfermo, conforme al art. 6.1.c) del RGPD. Los datos se conservar\u00e1n durante 5 a\u00f1os y posteriormente se manejar\u00e1n como datos archivados.<\/p>\n<h6>C\u00f3nyuge\/otro miembro de la familia del solicitante<\/h6>\n<p>Tratamos sus datos personales porque su c\u00f3nyuge\/familiar ha presentado una solicitud de prestaciones por cuidado de familiar enfermo, conforme al art. 6.1.c) del RGPD. Los datos se conservar\u00e1n durante 5 a\u00f1os y posteriormente se manejar\u00e1n como datos archivados.<\/p>\n<p>El Responsable no tomar\u00e1 decisiones automatizadas sobre estos datos.<\/p>\n<h4>Permiso para cuidadores<\/h4>\n<p>Tratamos sus datos personales porque se ha beneficiado de un permiso para cuidar a un familiar enfermo, conforme al art. 6.1.c) y art. 9.2.b) del RGPD. Los datos se conservar\u00e1n durante 50 a\u00f1os posteriores a la terminaci\u00f3n o finalizaci\u00f3n de su relaci\u00f3n laboral (para relaciones laborales establecidas antes del 1 de enero de 1999 y para aquellas establecidas entre el 1 de enero de 1999 y el 31 de diciembre de 2018 sin documento informativo presentado a la Seguridad Social polaca) o durante 10 a\u00f1os tras el final del a\u00f1o natural de terminaci\u00f3n o finalizaci\u00f3n de su relaci\u00f3n laboral o presentaci\u00f3n del documento informativo a la Seguridad Social polaca (para relaciones laborales establecidas despu\u00e9s del 31 de diciembre de 2018 y entre el 1 de enero de 1999 y el 31 de diciembre de 2018 con documento informativo presentado a la Seguridad Social polaca).<\/p>\n<p>El Responsable no tomar\u00e1 decisiones automatizadas sobre estos datos.<\/p>\n<h4>Contrataci\u00f3n de personal bajo el c\u00f3digo laboral<\/h4>\n<p>Tratamos sus datos personales con fines de contrataci\u00f3n y en la medida establecida por la normativa laboral, conforme al art. 6.1.b) y art. 6.1.c) del RGPD, en virtud de la Ley de 26 de junio de 1974 del C\u00f3digo Laboral polaco, as\u00ed como para la formulaci\u00f3n, el ejercicio o la defensa de reclamaciones, conforme al art. 6.1.f) del RGPD. Adem\u00e1s, el procesamiento de sus datos personales podr\u00e1 exceder lo previsto en la normativa laboral, a base del consentimiento otorgado por usted, conforme al art. 6.1.a) del RGPD.<\/p>\n<p>Asimismo, podemos tratar sus datos personales con fines de futuros procesos de contrataci\u00f3n si ha otorgado su consentimiento para este fin, conforme al art. 6.1.a) del RGPD.<\/p>\n<p>Si los documentos de contrataci\u00f3n contienen datos personales mencionados en el art. 9.1 del RGPD, dichos datos se tratar\u00e1n \u00fanicamente a base de su consentimiento expl\u00edcito conforme al art. 9.2.a) del RGPD. <\/p>\n<p>Los datos personales de los candidatos rechazados se tratar\u00e1n hasta el final del proceso de contrataci\u00f3n y posteriormente durante 3 a\u00f1os para la formulaci\u00f3n, el ejercicio o la defensa de reclamaciones. Si ha otorgado su consentimiento para el tratamiento de sus datos en futuros procesos de contrataci\u00f3n, sus datos se conservar\u00e1n durante 1 a\u00f1o.<\/p>\n<p>Una vez firmado el contrato laboral, los datos personales de los candidatos seleccionados se incorporar\u00e1n a sus expedientes y se conservar\u00e1n conforme a la normativa aplicable.<\/p>\n<p>No recogemos datos personales de terceros.<\/p>\n<p>El Responsable no transfiere datos personales a terceros pa\u00edses.<\/p>\n<p>El Responsable no tomar\u00e1 decisiones automatizadas sobre estos datos.<\/p>\n<h4>Contrataci\u00f3n de personal bajo el c\u00f3digo civil<\/h4>\n<p>Tratamos sus datos personales con fines de contrataci\u00f3n, que incluye la verificaci\u00f3n de sus cualificaciones \u2013art. 6.1.b) del RGPD\u2013 en virtud de la Ley de 23 de abril de 1964, C\u00f3digo Civil polaco, as\u00ed como para la formulaci\u00f3n, el ejercicio o la defensa de reclamaciones, conforme al art. 6.1.f) del RGPD. Si los documentos contienen datos personales no identificados como obligatorios en la oferta de empleo, dichos datos se tratar\u00e1n sobre la base de su consentimiento expl\u00edcito conforme al art. 6.1.a) del RGPD. <\/p>\n<p>Si los documentos contienen datos personales mencionados en el art. 9.1 del RGPD, dichos datos se tratar\u00e1n \u00fanicamente sobre la base de su consentimiento expl\u00edcito conforme al art. 9.2.a) del RGPD. <\/p>\n<p>Asimismo, podemos tratar sus datos personales con fines de futuros procesos de contrataci\u00f3n si ha otorgado su consentimiento para este fin, conforme al art. 6.1.a) del RGPD.<\/p>\n<p>El Responsable tratar\u00e1 sus datos personales hasta la finalizaci\u00f3n del proceso de verificaci\u00f3n y confirmaci\u00f3n de sus cualificaciones.<\/p>\n<p>Los datos personales de los candidatos rechazados se tratar\u00e1n hasta el final del proceso de contrataci\u00f3n y posteriormente durante 3 a\u00f1os para la formulaci\u00f3n, el ejercicio o la defensa de reclamaciones. Si ha otorgado su consentimiento para el tratamiento de sus datos en futuros procesos de contrataci\u00f3n, sus datos se conservar\u00e1n durante 1 a\u00f1o.<\/p>\n<p>No recogemos datos personales de terceros.<\/p>\n<p>El Responsable no transfiere datos personales a terceros pa\u00edses.<\/p>\n<p>El Responsable no tomar\u00e1 decisiones automatizadas sobre estos datos.<\/p>\n<h4>Botones de redes sociales <\/h4>\n<p>Al incluir botones de redes sociales (Facebook, Instagram, YouTube, X\/Twitter, LinkedIn, TikTok) en nuestros sitios web, permitimos que los operadores de estas plataformas recopilen datos personales de los usuarios y los traten para fines definidos por dichos operadores. Esto se realiza de dos maneras:<\/p>\n<ol>\n<li>Incluimos un bot\u00f3n que le dirige a la plataforma correspondiente, donde puede dar \u00abme gusta\u00bb, seguir o recomendar nuestra p\u00e1gina a sus amigos. Los operadores rastrean su actividad y utilizan los datos recopilados para fines como marketing conductual. Esto se refiere \u00fanicamente a estos usuarios de nuestras p\u00e1ginas que son usuarios de servicios de redes sociales.<\/li>\n<li>Permitimos que los operadores de redes sociales instalen cookies en su dispositivo para rastrear su actividad en distintos sitios web. Los datos recopilados de esta manera se utilizan para fines que incluyen marketing conductual. Esto aplica a todos los usuarios de nuestras p\u00e1ginas, independientemente de si son usuarios de servicios de redes sociales. Los botones de redes sociales en nuestras p\u00e1ginas tienen como objetivo aumentar su atractivo.<\/li>\n<\/ol>\n<p>El tratamiento de sus datos personales se basa en nuestro inter\u00e9s leg\u00edtimo conforme al art. 6.1.f) del RGPD, que incluye la promoci\u00f3n y divulgaci\u00f3n de la actividad del Responsable. <\/p>\n<p>No conservamos informaci\u00f3n personal identificable para los fines mencionados. Sin embargo, tales datos pueden ser conservados por los operadores para sus propios fines, lo que no se incluye en nuestros acuerdos con estos operadores.<\/p>\n<h4>Administraci\u00f3n de p\u00e1ginas en redes sociales <\/h4>\n<p>Utilizamos sus datos personales recopilados cuando visita nuestras p\u00e1ginas en redes sociales (Facebook, Instagram, YouTube, X\/Twitter, TikTok, LinkedIn) y realiza actividades en estas p\u00e1ginas, incluyendo informaci\u00f3n sobre el hecho de seguir y dar \u00abme gusta\u00bb a la p\u00e1gina; publicar, comentar y reaccionar al contenido publicado en la p\u00e1gina; y compartir contenido con otros usuarios. Seg\u00fan la naturaleza de las plataformas de redes sociales, esta informaci\u00f3n puede ser p\u00fablica para algunos o todos los usuarios de estas plataformas. Utilizamos sus datos personales para gestionar la p\u00e1gina, incluyendo el desarrollo de contenido atractivo y su difusi\u00f3n entre los usuarios.\n<\/p>\n<p>El tratamiento de sus datos personales es necesario para la ejecuci\u00f3n del contrato de servicios electr\u00f3nicos y se basa en el art. 6.1.b) del RGPD.<\/p>\n<h4>Administraci\u00f3n del servidor y estad\u00edsticas de uso del sitio web<\/h4>\n<p>Utilizamos sus datos personales relacionados con su actividad en nuestros sitios web, incluyendo el contenido de las solicitudes HTTP desde su dispositivo a nuestro servidor (URL, direcci\u00f3n IP, tipo de navegador, sistema operativo, idioma del navegador, fecha y hora de la solicitud, ID de cookie, recursos visitados). Los datos recopilados se registran en nuestros registros del servidor. <\/p>\n<p>Utilizamos sus datos personales para administrar el servidor, garantizar su seguridad y con fines estad\u00edsticos. El tratamiento de sus datos personales se basa en nuestro inter\u00e9s leg\u00edtimo en mantener una comunicaci\u00f3n efectiva con usted, conforme al art. 6.1.f) del RGPD, que incluye la administraci\u00f3n del servidor, la identificaci\u00f3n de errores en la estructura del sitio web y el mantenimiento de estad\u00edsticas sobre los recursos m\u00e1s visitados. <\/p>\n<h4>Cookies<\/h4>\n<p>Las cookies son datos inform\u00e1ticos, en particular archivos de texto, que se conservan en el dispositivo terminal del usuario y est\u00e1n previstas para el uso de los sitios web. Las cookies identifican al usuario para ajustar el contenido del sitio web a sus necesidades. Al recordar las preferencias del usuario, las cookies permiten personalizar los contenidos dirigidos al usuario, incluida la publicidad. El Responsable utiliza cookies para garantizar est\u00e1ndares adecuados de experiencia durante el uso de nuestros sitios web; los datos recopilados se utilizan solo internamente para optimizar las operaciones.<\/p>\n<p>Las cookies se utilizan con el fin de:<\/p>\n<ol>\n<li>ajustar el contenido del sitio web a las preferencias del usuario<\/li>\n<li>optimizar el uso del sitio web, especialmente mediante la identificaci\u00f3n del dispositivo terminal del usuario<\/li>\n<li>elaborar estad\u00edsticas<\/li>\n<li>mantener la sesi\u00f3n del usuario<\/li>\n<li>proporcionar contenidos publicitarios al usuario.<\/li>\n<\/ol>\n<p>Los datos recopilados se utilizan para vigilar y evaluar c\u00f3mo los usuarios interact\u00faan con el sitio web, con el objetivo de mejorar su uso mediante una navegaci\u00f3n m\u00e1s fluida y eficiente.<\/p>\n<p>Tenga en cuenta que, en algunos casos, el software instalado en el dispositivo terminal del usuario y utilizado para navegar por los sitios web (p. ej., el navegador) permite almacenar cookies en el dispositivo terminal del usuario por defecto. Los usuarios pueden cambiar la configuraci\u00f3n de cookies en cualquier momento, en particular para bloquear su manejo autom\u00e1tico en los ajustes del navegador web o para recibir notificaciones cada vez que las cookies se almacenen en el dispositivo terminal del usuario. Informaci\u00f3n detallada sobre las posibilidades y m\u00e9todos de gesti\u00f3n de cookies est\u00e1 disponible en la configuraci\u00f3n del software (navegador).<\/p>\n<p>El usuario puede desactivar o activar las cookies en cualquier momento, modificando la configuraci\u00f3n del navegador.<\/p>\n<p>Cambiar la configuraci\u00f3n de cookies constituye una objeci\u00f3n que puede afectar el uso futuro del sitio web. La desactivaci\u00f3n completa de las cookies no impedir\u00e1 la navegaci\u00f3n por los contenidos del sitio web, salvo aquellos que requieran iniciar sesi\u00f3n.<\/p>\n<p>A menos que ajuste su configuraci\u00f3n de privacidad, las cookies se almacenar\u00e1n en su dispositivo terminal (se almacenar\u00e1n autom\u00e1ticamente en su dispositivo terminal cada vez que utilice nuestro sitio web).<\/p>\n<p>Los datos almacenados en los dispositivos terminales del usuario no provocan cambios en la configuraci\u00f3n de su dispositivo terminal ni en el software instalado.<\/p>\n<p>Esta informaci\u00f3n sobre cookies tambi\u00e9n aplica a otras tecnolog\u00edas similares utilizadas en nuestro sitio web.<\/p>\n<h4>Autoridades a las que se comunican los datos personales<\/h4>\n<p>Nuestro sitio web contiene enlaces a otros sitios. No asumimos responsabilidad por las pol\u00edticas de privacidad de sitios web de terceros. Por ello, le recomendamos revisar la pol\u00edtica de privacidad de dichos sitios. Esta Pol\u00edtica de privacidad se aplica exclusivamente al sitio web gestionado por el Responsable. <\/p>\n<p>Sus datos personales se comunicar\u00e1n a bancos, servicios postales polacos (Poczta Polska S.A.), empresas de mensajer\u00eda, Microsoft Sp. z o.o., Vimeo, cyber_folks S.A., Mobile Madness Sp. z o.o., Google LLC, Encode Marek Czarnowski, Medycyna Praktyczna Sp. J., Medycyna Praktyczna \u2013 Szkolenia s.c., Meta, HubSpot, BeDigital sp. z o.o., Stripe Payments Europe Limited, Stripe Technology Europe Limited, UX Voyager Micha\u0142 Kacprowicz, Adobe Inc.<\/p>\n<p>Tambi\u00e9n podemos comunicar sus datos personales a autoridades p\u00fablicas conforme a la normativa aplicable, as\u00ed como a nuestros socios en virtud de correspondientes contratos de encargo de tratamiento. <\/p>\n<h4>Sus derechos <\/h4>\n<p>Como interesado, puede solicitarnos:<\/p>\n<ol>\n<li>acceso a sus datos personales, confirmaci\u00f3n de si se est\u00e1n tratando o no datos personales que le conciernen, copia de sus datos e informaci\u00f3n sobre su uso (art. 15 del RGPD)<\/li>\n<li>copia de los datos personales que nos haya facilitado y su transmisi\u00f3n a usted o a otro responsable en un formato estructurado, de uso com\u00fan y lectura mec\u00e1nica (art. 20 del RGPD)<\/li>\n<li>rectificaci\u00f3n de datos personales incompletos o inexactos que le conciernan (art. 16 del RGPD)<\/li>\n<li>supresi\u00f3n de todos o algunos de sus datos personales (art. 17 del RGPD) si ya no son necesarios para los fines para los que se utilizaron o no existe base legal para su tratamiento, p. ej., si ha retirado su consentimiento, se ha opuesto al tratamiento o los datos han sido usados il\u00edcitamente<\/li>\n<li>limitaci\u00f3n del tratamiento de sus datos personales (art. 18 del RGPD) durante un plazo que permita al responsable verificar la validez de su solicitud de suprimir o rectificar los datos, o la validez de su objeci\u00f3n, o durante un plazo que permita formular, ejercer o defender reclamaciones.<\/li>\n<\/ol>\n<p>Tiene derecho a oponerse al tratamiento de sus datos personales por motivos de nuestro inter\u00e9s leg\u00edtimo (art. 21 del RGPD). Una vez presentada su objeci\u00f3n, evaluaremos si, en su situaci\u00f3n espec\u00edfica, sus derechos y libertades fundamentales como interesado prevalecen sobre la protecci\u00f3n de la confidencialidad de los datos tratados. <\/p>\n<p>Tiene derecho a retirar su consentimiento para el tratamiento de sus datos personales en cualquier momento (art. 7 del RGPD). La retirada del consentimiento no afectar\u00e1 a la licitud del tratamiento basada en el consentimiento previo a su retirada. <\/p>\n<p>Tiene derecho a presentar una reclamaci\u00f3n sobre el tratamiento de sus datos ante el Presidente de la Autoridad polaca de protecci\u00f3n de datos personales (Prezes Urz\u0119du Ochrony Danych Osobowych), ul. Stawki 2, 00-193 Warszawa, Polonia. La reclamaci\u00f3n puede presentarse por medios electr\u00f3nicos, por escrito o verbalmente en la sede del Presidente.<\/p>\n<h4>Modificaciones de esta Pol\u00edtica <\/h4>\n<p>Esta Pol\u00edtica puede ser modificada o complementada seg\u00fan sea necesario. Le notificaremos cualquier modificaci\u00f3n o complemento, publicando la informaci\u00f3n relevante en nuestro sitio web o, en caso de cambios significativos, directamente por correo electr\u00f3nico. <\/p>\n\t\t\t\t\t\t\t\t<\/div>\n\t\t\t\t<\/div>\n\t\t\t\t\t<\/div>\n\t\t\t\t<\/div>\n\t\t\t\t<\/div>\n\t\t","protected":false},"excerpt":{"rendered":"<p>Responsable del tratamiento de datos personales El responsable del tratamiento de sus datos personales es Fundacja Polski Instytut Evidence Based Medicine (Polish Institute for Evidence Based Medicine; en adelante \u00abResponsable\u00bb) con domicilio social en ul. Gazowa 14A, 31-060 Krak\u00f3w, Polonia. El Responsable puede ser contactado por correo tradicional a la direcci\u00f3n indicada o por correo [&hellip;]<\/p>\n","protected":false},"author":1,"featured_media":0,"parent":0,"menu_order":0,"comment_status":"closed","ping_status":"closed","template":"","meta":{"_acf_changed":false,"_themeisle_gutenberg_block_has_review":false,"footnotes":""},"class_list":["post-15635","page","type-page","status-publish","hentry"],"acf":[],"_links":{"self":[{"href":"https:\/\/piebm.org\/es\/wp-json\/wp\/v2\/pages\/15635","targetHints":{"allow":["GET"]}}],"collection":[{"href":"https:\/\/piebm.org\/es\/wp-json\/wp\/v2\/pages"}],"about":[{"href":"https:\/\/piebm.org\/es\/wp-json\/wp\/v2\/types\/page"}],"author":[{"embeddable":true,"href":"https:\/\/piebm.org\/es\/wp-json\/wp\/v2\/users\/1"}],"replies":[{"embeddable":true,"href":"https:\/\/piebm.org\/es\/wp-json\/wp\/v2\/comments?post=15635"}],"version-history":[{"count":6,"href":"https:\/\/piebm.org\/es\/wp-json\/wp\/v2\/pages\/15635\/revisions"}],"predecessor-version":[{"id":15859,"href":"https:\/\/piebm.org\/es\/wp-json\/wp\/v2\/pages\/15635\/revisions\/15859"}],"wp:attachment":[{"href":"https:\/\/piebm.org\/es\/wp-json\/wp\/v2\/media?parent=15635"}],"curies":[{"name":"wp","href":"https:\/\/api.w.org\/{rel}","templated":true}]}}