{"id":8412,"date":"2024-02-09T14:27:23","date_gmt":"2024-02-09T13:27:23","guid":{"rendered":"https:\/\/piebm.org\/contacto\/"},"modified":"2026-01-19T14:35:14","modified_gmt":"2026-01-19T13:35:14","slug":"contacto","status":"publish","type":"page","link":"https:\/\/piebm.org\/es\/contacto\/","title":{"rendered":"Contacto"},"content":{"rendered":"\t\t<div data-elementor-type=\"wp-page\" data-elementor-id=\"8412\" class=\"elementor elementor-8412 elementor-633\">\n\t\t\t\t<div class=\"elementor-element elementor-element-f00fc1e e-flex e-con-boxed e-con e-parent\" data-id=\"f00fc1e\" data-element_type=\"container\" data-e-type=\"container\" data-settings=\"{&quot;background_background&quot;:&quot;classic&quot;,&quot;jet_parallax_layout_list&quot;:[]}\">\n\t\t\t\t\t<div class=\"e-con-inner\">\n\t\t<div class=\"elementor-element elementor-element-19cf6b6 e-flex e-con-boxed e-con e-child\" data-id=\"19cf6b6\" data-element_type=\"container\" data-e-type=\"container\" data-settings=\"{&quot;jet_parallax_layout_list&quot;:[]}\">\n\t\t\t\t\t<div class=\"e-con-inner\">\n\t\t<div class=\"elementor-element elementor-element-11b939d e-con-full e-flex e-con e-child\" data-id=\"11b939d\" data-element_type=\"container\" data-e-type=\"container\" data-settings=\"{&quot;jet_parallax_layout_list&quot;:[]}\">\n\t\t<div class=\"elementor-element elementor-element-4082ff4 e-con-full e-flex e-con e-child\" data-id=\"4082ff4\" data-element_type=\"container\" data-e-type=\"container\" data-settings=\"{&quot;background_background&quot;:&quot;classic&quot;,&quot;jet_parallax_layout_list&quot;:[]}\">\n\t\t\t\t<div class=\"elementor-element elementor-element-62d9e5f elementor-widget__width-auto elementor-view-default elementor-widget elementor-widget-icon\" data-id=\"62d9e5f\" data-element_type=\"widget\" data-e-type=\"widget\" data-widget_type=\"icon.default\">\n\t\t\t\t<div class=\"elementor-widget-container\">\n\t\t\t\t\t\t\t<div class=\"elementor-icon-wrapper\">\n\t\t\t<div class=\"elementor-icon\">\n\t\t\t<svg xmlns=\"http:\/\/www.w3.org\/2000\/svg\" height=\"24\" viewBox=\"0 -960 960 960\" width=\"24\"><path d=\"M192-212q-26 0-43-17t-17-43v-416q0-26 17-43t43-17h576q26 0 43 17t17 43v416q0 26-17 43t-43 17H192Zm288-274L160-698v426q0 14 9 23t23 9h576q14 0 23-9t9-23v-426L480-486Zm0-34 304-200H176l304 200ZM160-698v-22 448q0 14 9 23t23 9h-32v-458Z\"><\/path><\/svg>\t\t\t<\/div>\n\t\t<\/div>\n\t\t\t\t\t\t<\/div>\n\t\t\t\t<\/div>\n\t\t\t\t<div class=\"elementor-element elementor-element-71692de elementor-widget__width-auto elementor-widget elementor-widget-heading\" data-id=\"71692de\" data-element_type=\"widget\" data-e-type=\"widget\" data-widget_type=\"heading.default\">\n\t\t\t\t<div class=\"elementor-widget-container\">\n\t\t\t\t\t<div class=\"elementor-heading-title elementor-size-default\">contact@piebm.org<\/div>\t\t\t\t<\/div>\n\t\t\t\t<\/div>\n\t\t\t\t<\/div>\n\t\t\t\t<div class=\"elementor-element elementor-element-44f56ab elementor-widget__width-inherit elementor-widget elementor-widget-text-editor\" data-id=\"44f56ab\" data-element_type=\"widget\" data-e-type=\"widget\" data-widget_type=\"text-editor.default\">\n\t\t\t\t<div class=\"elementor-widget-container\">\n\t\t\t\t\t\t\t\t\t<p><strong>Polish Institute for Evidence Based Medicine<\/strong><\/p>\n<p>Fundacja Polski Instytut Evidence Based Medicine<\/p>\n<p>Gazowa 14A<br \/>31-060 Krak\u00f3w<br \/>Polonia<\/p>\n<p>N\u00famero de identificaci\u00f3n fiscal (NIP) 6762258220<br \/>KRS 0000154665<br \/>REGON 356700842<\/p>\n<p><b>Delegado de protecci\u00f3n de datos<\/b><\/p>\n<p>Puede ponerse en contacto con nuestro Delegado de protecci\u00f3n de datos para preguntar sobre cuestiones relacionadas con la protecci\u00f3n de datos escribiendo a:<\/p>\n<p>Justyna Sikorska<\/p>\n<p>iod@piebm.org<\/p>\n\t\t\t\t\t\t\t\t<\/div>\n\t\t\t\t<\/div>\n\t\t\t\t<\/div>\n\t\t\t\t<div class=\"elementor-element elementor-element-a32f36a elementor-widget__width-initial elementor-widget elementor-widget-google_maps\" data-id=\"a32f36a\" data-element_type=\"widget\" data-e-type=\"widget\" data-widget_type=\"google_maps.default\">\n\t\t\t\t<div class=\"elementor-widget-container\">\n\t\t\t\t\t\t\t<div class=\"elementor-custom-embed\">\n\t\t\t<iframe loading=\"lazy\"\n\t\t\t\t\tsrc=\"https:\/\/maps.google.com\/maps?q=Gazowa%2014a%2C%20Krak%C3%B3w%2C%20Poland&#038;t=m&#038;z=12&#038;output=embed&#038;iwloc=near\"\n\t\t\t\t\ttitle=\"Gazowa 14a, Krak\u00f3w, Poland\"\n\t\t\t\t\taria-label=\"Gazowa 14a, Krak\u00f3w, Poland\"\n\t\t\t><\/iframe>\n\t\t<\/div>\n\t\t\t\t\t\t<\/div>\n\t\t\t\t<\/div>\n\t\t\t\t\t<\/div>\n\t\t\t\t<\/div>\n\t\t\t\t\t<\/div>\n\t\t\t\t<\/div>\n\t\t\t\t<\/div>\n\t\t","protected":false},"excerpt":{"rendered":"<p>contact@piebm.org Polish Institute for Evidence Based Medicine Fundacja Polski Instytut Evidence Based Medicine Gazowa 14A31-060 Krak\u00f3wPolonia N\u00famero de identificaci\u00f3n fiscal (NIP) 6762258220KRS 0000154665REGON 356700842 Delegado de protecci\u00f3n de datos Puede ponerse en contacto con nuestro Delegado de protecci\u00f3n de datos para preguntar sobre cuestiones relacionadas con la protecci\u00f3n de datos escribiendo a: Justyna Sikorska iod@piebm.org<\/p>\n","protected":false},"author":1,"featured_media":7699,"parent":0,"menu_order":1,"comment_status":"closed","ping_status":"closed","template":"full-width.php","meta":{"_acf_changed":false,"_themeisle_gutenberg_block_has_review":false,"footnotes":""},"class_list":["post-8412","page","type-page","status-publish","has-post-thumbnail","hentry"],"acf":[],"_links":{"self":[{"href":"https:\/\/piebm.org\/es\/wp-json\/wp\/v2\/pages\/8412","targetHints":{"allow":["GET"]}}],"collection":[{"href":"https:\/\/piebm.org\/es\/wp-json\/wp\/v2\/pages"}],"about":[{"href":"https:\/\/piebm.org\/es\/wp-json\/wp\/v2\/types\/page"}],"author":[{"embeddable":true,"href":"https:\/\/piebm.org\/es\/wp-json\/wp\/v2\/users\/1"}],"replies":[{"embeddable":true,"href":"https:\/\/piebm.org\/es\/wp-json\/wp\/v2\/comments?post=8412"}],"version-history":[{"count":2,"href":"https:\/\/piebm.org\/es\/wp-json\/wp\/v2\/pages\/8412\/revisions"}],"predecessor-version":[{"id":15858,"href":"https:\/\/piebm.org\/es\/wp-json\/wp\/v2\/pages\/8412\/revisions\/15858"}],"wp:featuredmedia":[{"embeddable":true,"href":"https:\/\/piebm.org\/es\/wp-json\/wp\/v2\/media\/7699"}],"wp:attachment":[{"href":"https:\/\/piebm.org\/es\/wp-json\/wp\/v2\/media?parent=8412"}],"curies":[{"name":"wp","href":"https:\/\/api.w.org\/{rel}","templated":true}]}}