{"id":8697,"date":"2024-02-18T12:59:36","date_gmt":"2024-02-18T10:59:36","guid":{"rendered":"https:\/\/piebm.org\/como-apoyarnos\/"},"modified":"2025-03-21T17:48:42","modified_gmt":"2025-03-21T15:48:42","slug":"como-apoyarnos","status":"publish","type":"page","link":"https:\/\/piebm.org\/es\/como-apoyarnos\/","title":{"rendered":"C\u00f3mo apoyarnos"},"content":{"rendered":"\t\t<div data-elementor-type=\"wp-page\" data-elementor-id=\"8697\" class=\"elementor elementor-8697 elementor-1933\">\n\t\t\t\t<div class=\"elementor-element elementor-element-8dd02bb e-flex e-con-boxed e-con e-parent\" data-id=\"8dd02bb\" data-element_type=\"container\" data-e-type=\"container\" data-settings=\"{&quot;jet_parallax_layout_list&quot;:[]}\">\n\t\t\t\t\t<div class=\"e-con-inner\">\n\t\t<div class=\"elementor-element elementor-element-8ba6365 e-con-full e-flex e-con e-child\" data-id=\"8ba6365\" data-element_type=\"container\" data-e-type=\"container\" data-settings=\"{&quot;raven_motion_effectssticky&quot;:&quot;top&quot;,&quot;raven_motion_effectssticky_offset&quot;:32,&quot;raven_motion_effectssticky_parent&quot;:&quot;yes&quot;,&quot;raven_motion_effectssticky_on&quot;:[&quot;desktop&quot;,&quot;tablet&quot;],&quot;jet_parallax_layout_list&quot;:[],&quot;raven_motion_effectssticky_effects_offset&quot;:0}\">\n\t\t\t\t<div class=\"elementor-element elementor-element-b7ebc63 main-layout-vertical pointer-underline pointer-anim-grow raven-mobile-nav-menu-align-flex-start dropdown-item-align-flex-start raven-nav-alignment-start submenu-anim-fade raven-dropdown-stretch mobile-breakpoint-mobile raven-nav-menu-align-flex-start raven-nav-menu-align-center elementor-widget elementor-widget-raven-advanced-nav-menu\" data-id=\"b7ebc63\" data-element_type=\"widget\" data-e-type=\"widget\" data-settings=\"{&quot;submenu_indicator&quot;:{&quot;value&quot;:&quot;far fa-list-alt&quot;,&quot;library&quot;:&quot;fa-regular&quot;},&quot;full_width&quot;:&quot;stretch&quot;,&quot;mobile_layout&quot;:&quot;dropdown&quot;,&quot;close_menu_on_scroll&quot;:&quot;yes&quot;}\" data-widget_type=\"raven-advanced-nav-menu.default\">\n\t\t\t\t<div class=\"elementor-widget-container\">\n\t\t\t\t\t\t\t<!-- Menu Toggle Button -->\n\t\t<div class=\"raven-adnav-menu-toggle\">\n\t\t\t<div class=\"raven-adnav-menu-toggle-button\">\n\t\t\t\t\t\t\t<div class=\"toggle-button-custom\">\n\t\t\t\t\t\t\t\t\t<svg class=\"e-font-icon-svg e-far-list-alt\" viewBox=\"0 0 512 512\" xmlns=\"http:\/\/www.w3.org\/2000\/svg\"><path d=\"M464 32H48C21.49 32 0 53.49 0 80v352c0 26.51 21.49 48 48 48h416c26.51 0 48-21.49 48-48V80c0-26.51-21.49-48-48-48zm-6 400H54a6 6 0 0 1-6-6V86a6 6 0 0 1 6-6h404a6 6 0 0 1 6 6v340a6 6 0 0 1-6 6zm-42-92v24c0 6.627-5.373 12-12 12H204c-6.627 0-12-5.373-12-12v-24c0-6.627 5.373-12 12-12h200c6.627 0 12 5.373 12 12zm0-96v24c0 6.627-5.373 12-12 12H204c-6.627 0-12-5.373-12-12v-24c0-6.627 5.373-12 12-12h200c6.627 0 12 5.373 12 12zm0-96v24c0 6.627-5.373 12-12 12H204c-6.627 0-12-5.373-12-12v-24c0-6.627 5.373-12 12-12h200c6.627 0 12 5.373 12 12zm-252 12c0 19.882-16.118 36-36 36s-36-16.118-36-36 16.118-36 36-36 36 16.118 36 36zm0 96c0 19.882-16.118 36-36 36s-36-16.118-36-36 16.118-36 36-36 36 16.118 36 36zm0 96c0 19.882-16.118 36-36 36s-36-16.118-36-36 16.118-36 36-36 36 16.118 36 36z\"><\/path><\/svg>\t\t\t\t<\/div>\n\t\t\t<\/div>\n\t\t<\/div>\n\t\t\t\t<!-- Main Menu -->\n\t\t<nav data-layout=\"vertical\" class=\"raven-adnav-menu-main raven-adnav-menu-vertical  \">\n\t\t\t\t\t<ul id=\"menu-b7ebc63\" class=\"raven-adnav-menu\">\n\t\t\t\t\t\t\t\t<li class=\"menu-item\" data-width_type=\"default\" data-submenu_pos=\"center\">\n\t\t\t\t\t\t\t\t<a href=\"#intro\" class=\"raven-link-item raven-menu-item\">\n\t\t\t\t\t\t<span class=\"link-text\">\n\t\t\t\t<span class=\"link-label\">\n\t\t\t\t\tIntroducci\u00f3n\t\t\t\t<\/span>\n\t\t\t\t\t\t\t<\/span>\n\t\t<\/a>\n\t\t\t\t\t\t\t<\/li>\n\t\t\t\t\t\t\t\t\t\t<li class=\"menu-item\" data-width_type=\"default\" data-submenu_pos=\"center\">\n\t\t\t\t\t\t\t\t<a href=\"#donor\" class=\"raven-link-item raven-menu-item\">\n\t\t\t\t\t\t<span class=\"link-text\">\n\t\t\t\t<span class=\"link-label\">\n\t\t\t\t\tDonaci\u00f3n\t\t\t\t<\/span>\n\t\t\t\t\t\t\t<\/span>\n\t\t<\/a>\n\t\t\t\t\t\t\t<\/li>\n\t\t\t\t\t\t\t\t\t\t<li class=\"menu-item\" data-width_type=\"default\" data-submenu_pos=\"center\">\n\t\t\t\t\t\t\t\t<a href=\"#sponsor\" class=\"raven-link-item raven-menu-item\">\n\t\t\t\t\t\t<span class=\"link-text\">\n\t\t\t\t<span class=\"link-label\">\n\t\t\t\t\tPatrocinio\t\t\t\t<\/span>\n\t\t\t\t\t\t\t<\/span>\n\t\t<\/a>\n\t\t\t\t\t\t\t<\/li>\n\t\t\t\t\t\t\t\t\t\t<li class=\"menu-item\" data-width_type=\"default\" data-submenu_pos=\"center\">\n\t\t\t\t\t\t\t\t<a href=\"#partner\" class=\"raven-link-item raven-menu-item\">\n\t\t\t\t\t\t<span class=\"link-text\">\n\t\t\t\t<span class=\"link-label\">\n\t\t\t\t\tColaboraci\u00f3n\t\t\t\t<\/span>\n\t\t\t\t\t\t\t<\/span>\n\t\t<\/a>\n\t\t\t\t\t\t\t<\/li>\n\t\t\t\t\t\t\t\t\t\t<li class=\"menu-item\" data-width_type=\"default\" data-submenu_pos=\"center\">\n\t\t\t\t\t\t\t\t<a href=\"#advertiser\" class=\"raven-link-item raven-menu-item\">\n\t\t\t\t\t\t<span class=\"link-text\">\n\t\t\t\t<span class=\"link-label\">\n\t\t\t\t\tPublicidad\t\t\t\t<\/span>\n\t\t\t\t\t\t\t<\/span>\n\t\t<\/a>\n\t\t\t\t\t\t\t<\/li>\n\t\t\t\t\t\t\t<\/ul>\n\t\t\t\t<\/nav>\n\t\t\t\t<!-- Mobile Menu -->\n\t\t<nav data-layout=\"dropdown\" class=\"raven-adnav-menu-mobile raven-adnav-menu-dropdown \">\n\t\t\t\t\t\t<div class=\"raven-container\">\n\t\t\t\t\t\t<ul id=\"menu-mobile-b7ebc63\" class=\"raven-adnav-menu\">\n\t\t\t\t\t\t\t\t<li class=\"menu-item\" data-width_type=\"default\" data-submenu_pos=\"center\">\n\t\t\t\t\t\t\t\t<a href=\"#intro\" class=\"raven-link-item raven-menu-item\">\n\t\t\t\t\t\t<span class=\"link-text\">\n\t\t\t\t<span class=\"link-label\">\n\t\t\t\t\tIntroducci\u00f3n\t\t\t\t<\/span>\n\t\t\t\t\t\t\t<\/span>\n\t\t<\/a>\n\t\t\t\t\t\t\t<\/li>\n\t\t\t\t\t\t\t\t\t\t<li class=\"menu-item\" data-width_type=\"default\" data-submenu_pos=\"center\">\n\t\t\t\t\t\t\t\t<a href=\"#donor\" class=\"raven-link-item raven-menu-item\">\n\t\t\t\t\t\t<span class=\"link-text\">\n\t\t\t\t<span class=\"link-label\">\n\t\t\t\t\tDonaci\u00f3n\t\t\t\t<\/span>\n\t\t\t\t\t\t\t<\/span>\n\t\t<\/a>\n\t\t\t\t\t\t\t<\/li>\n\t\t\t\t\t\t\t\t\t\t<li class=\"menu-item\" data-width_type=\"default\" data-submenu_pos=\"center\">\n\t\t\t\t\t\t\t\t<a href=\"#sponsor\" class=\"raven-link-item raven-menu-item\">\n\t\t\t\t\t\t<span class=\"link-text\">\n\t\t\t\t<span class=\"link-label\">\n\t\t\t\t\tPatrocinio\t\t\t\t<\/span>\n\t\t\t\t\t\t\t<\/span>\n\t\t<\/a>\n\t\t\t\t\t\t\t<\/li>\n\t\t\t\t\t\t\t\t\t\t<li class=\"menu-item\" data-width_type=\"default\" data-submenu_pos=\"center\">\n\t\t\t\t\t\t\t\t<a href=\"#partner\" class=\"raven-link-item raven-menu-item\">\n\t\t\t\t\t\t<span class=\"link-text\">\n\t\t\t\t<span class=\"link-label\">\n\t\t\t\t\tColaboraci\u00f3n\t\t\t\t<\/span>\n\t\t\t\t\t\t\t<\/span>\n\t\t<\/a>\n\t\t\t\t\t\t\t<\/li>\n\t\t\t\t\t\t\t\t\t\t<li class=\"menu-item\" data-width_type=\"default\" data-submenu_pos=\"center\">\n\t\t\t\t\t\t\t\t<a href=\"#advertiser\" class=\"raven-link-item raven-menu-item\">\n\t\t\t\t\t\t<span class=\"link-text\">\n\t\t\t\t<span class=\"link-label\">\n\t\t\t\t\tPublicidad\t\t\t\t<\/span>\n\t\t\t\t\t\t\t<\/span>\n\t\t<\/a>\n\t\t\t\t\t\t\t<\/li>\n\t\t\t\t\t\t\t<\/ul>\n\t\t\t\t\t<\/div>\n\t\t<\/nav>\n\t\t\t\t\t\t<\/div>\n\t\t\t\t<\/div>\n\t\t\t\t<\/div>\n\t\t<div class=\"elementor-element elementor-element-14aaf9e e-con-full e-flex e-con e-child\" data-id=\"14aaf9e\" data-element_type=\"container\" data-e-type=\"container\" data-settings=\"{&quot;jet_parallax_layout_list&quot;:[]}\">\n\t\t<div class=\"elementor-element elementor-element-3576ad5 e-flex e-con-boxed e-con e-child\" data-id=\"3576ad5\" data-element_type=\"container\" data-e-type=\"container\" id=\"intro\" data-settings=\"{&quot;jet_parallax_layout_list&quot;:[]}\">\n\t\t\t\t\t<div class=\"e-con-inner\">\n\t\t\t\t<div class=\"elementor-element elementor-element-6eecdab elementor-widget elementor-widget-text-editor\" data-id=\"6eecdab\" data-element_type=\"widget\" data-e-type=\"widget\" id=\"intro\" data-widget_type=\"text-editor.default\">\n\t\t\t\t<div class=\"elementor-widget-container\">\n\t\t\t\t\t\t\t\t\t<p>El Polish Institute for Evidence Based Medicine (PIEBM) publica material educativo comprensible de medicina: libros, apps m\u00f3viles y otros recursos digitales. El Instituto tiene tambi\u00e9n una amplia experiencia en la organizaci\u00f3n de eventos educativos para el sector m\u00e9dico. Como una <strong>organizaci\u00f3n sin \u00e1nimo de lucro,<\/strong> estamos en una b\u00fasqueda activa de cooperaci\u00f3n con empresas socialmente responsables que apoyen nuestra misi\u00f3n.<\/p>\n<p>Todos los ingresos generados por el Instituto se destinan a nuestras actividades estatutarias, que benefician a la comunidad global de m\u00e9dicos y otros profesionales de la salud, y, en definitiva, a los pacientes. Si bien la mayor\u00eda de nuestras publicaciones y cursos implican una tarifa de participaci\u00f3n, los fondos adicionales nos permiten <b>colmar la brecha salarial entre los profesionales de la salud de todo el mundo.<\/b> Nuestras actividades incluyen:<\/p>\n<ul>\n<li>proporcionarles a los m\u00e9dicos j\u00f3venes de pa\u00edses de ingresos bajos y medianos una participaci\u00f3n y un alojamiento gratuitos durante el concurso presencial Young Talents in Internal Medicine en Krak\u00f3w, Polonia<\/li>\n<li>ofrecer acceso libre a nuestros recursos virtuales: plataformas, cursos y congresos<\/li>\n<li>proporcionar libros a estudiantes y m\u00e9dicos con necesidad de educaci\u00f3n profesional<\/li>\n<li>publicar art\u00edculos y entrevistas audiovisuales de acceso libre<\/li>\n<li>fomentar relaciones entre educadores m\u00e9dicos y el profesorado universitario, facilitando intercambio de conocimientos y experiencias<\/li>\n<li>traducir materiales m\u00e9dicos esenciales al polaco, ingl\u00e9s, espa&ntilde;ol y ucraniano.<\/li>\n<\/ul>\n\t\t\t\t\t\t\t\t<\/div>\n\t\t\t\t<\/div>\n\t\t\t\t<div class=\"elementor-element elementor-element-27e03ef elementor-widget elementor-widget-raven-alert\" data-id=\"27e03ef\" data-element_type=\"widget\" data-e-type=\"widget\" data-widget_type=\"raven-alert.default\">\n\t\t\t\t<div class=\"elementor-widget-container\">\n\t\t\t\t\t\t\t<div class=\"raven-widget-wrapper raven-flex\">\n\t\t\t<div class=\"raven-alert raven-alert-info raven-flex raven-flex-top raven-flex-none\" role=\"alert\">\n\t\t\t\t\t\t<div class=\"raven-alert-icon\">\n\t\t<svg aria-hidden=\"true\" class=\"e-font-icon-svg e-fas-info-circle\" viewBox=\"0 0 512 512\" xmlns=\"http:\/\/www.w3.org\/2000\/svg\"><path d=\"M256 8C119.043 8 8 119.083 8 256c0 136.997 111.043 248 248 248s248-111.003 248-248C504 119.083 392.957 8 256 8zm0 110c23.196 0 42 18.804 42 42s-18.804 42-42 42-42-18.804-42-42 18.804-42 42-42zm56 254c0 6.627-5.373 12-12 12h-88c-6.627 0-12-5.373-12-12v-24c0-6.627 5.373-12 12-12h12v-64h-12c-6.627 0-12-5.373-12-12v-24c0-6.627 5.373-12 12-12h64c6.627 0 12 5.373 12 12v100h12c6.627 0 12 5.373 12 12v24z\"><\/path><\/svg>\t\t<\/div>\n\t\t\t\t<div class=\"raven-alert-content\">\n\t\t\t<div class=\"raven-alert-title\">Restricciones<\/div>\n\t\t\t\t\t\t\t<div class=\"raven-alert-description\"><p>Tenga en cuenta que para nosotros es de especial importancia el hecho de ser <strong>libres de sesgo.<\/strong> La mayor\u00eda de nuestros materiales y cursos es acreditada y apoyada por varias instituciones, tales como el European Accreditation Council for Continuing Medical Education (EACCME\u00ae), la American Medical Association, el Royal College of Physicians and Surgeons of Canada, la United Arab Emirates University (UAEU-CME), el American College of Physicians (ACP), la INFARMA y el Ethical MedTech. Estamos comprometidos a respetar las normas relevantes de acreditaci\u00f3n.<\/p>\n<\/div>\n\t\t\t\t\t<\/div>\n\t\t\t\t\t<\/div>\n\t\t<\/div>\n\t\t\t\t\t\t<\/div>\n\t\t\t\t<\/div>\n\t\t\t\t\t<\/div>\n\t\t\t\t<\/div>\n\t\t\t\t<div class=\"elementor-element elementor-element-811807f elementor-widget elementor-widget-heading\" data-id=\"811807f\" data-element_type=\"widget\" data-e-type=\"widget\" data-widget_type=\"heading.default\">\n\t\t\t\t<div class=\"elementor-widget-container\">\n\t\t\t\t\t<div class=\"elementor-heading-title elementor-size-default\">Seleccione la forma de apoyo que m\u00e1s le convenga<\/div>\t\t\t\t<\/div>\n\t\t\t\t<\/div>\n\t\t\t\t<div class=\"elementor-element elementor-element-b2c03d6 elementor-widget elementor-widget-text-editor\" data-id=\"b2c03d6\" data-element_type=\"widget\" data-e-type=\"widget\" id=\"donor\" data-widget_type=\"text-editor.default\">\n\t\t\t\t<div class=\"elementor-widget-container\">\n\t\t\t\t\t\t\t\t\t<h2>Donaci\u00f3n<\/h2>\n<h5>&iquest;Qui\u00e9n puede hacer una donaci\u00f3n?<\/h5>\n<ul>\n<li>Particulares<\/li>\n<li>Empresas<\/li>\n<li>Instituciones fuera del sector empresarial<\/li>\n<\/ul>\n<h5>&iquest;C\u00f3mo hacer una donaci\u00f3n?<\/h5>\n<p>Una donaci\u00f3n es un apoyo directo de nuestra actividad. Ofrecemos a nuestros donantes la opci\u00f3n de revelar su identidad o de permanecer en el anonimato, seg\u00fan sus preferencias individuales. Existe tambi\u00e9n la posibilidad de firmar un acuerdo de donaci\u00f3n que describa los t\u00e9rminos y condiciones espec\u00edficos de la contribuci\u00f3n. Podemos expresar el agradecimiento de forma oficial a trav\u00e9s de un reconocimiento p\u00fablico o de forma privada, seg\u00fan sus preferencias y condiciones.<\/p>\n<h5>Objetivos de donaciones<\/h5>\n<p>Seleccione el proyecto que quiere apoyar:<\/p>\n<ul>\n<li>McMaster International Review Course in Internal Medicine<br \/><i>la donaci\u00f3n cubrir\u00e1 la cuota de participaci\u00f3n para m\u00e9dicos de pa\u00edses de ingresos bajos y medianos<\/i><\/li>\n<li>Young Talents in Internal Medicine<br \/><em>la donaci\u00f3n cubrir\u00e1 la cuota de participaci\u00f3n para m\u00e9dicos j\u00f3venes de pa\u00edses de ingresos bajos y medianos, as\u00ed como su alojamiento en Krak\u00f3w, Polonia<\/em><\/li>\n<li>Medical Review Auschwitz<br \/><em>la donaci\u00f3n cubrir\u00e1 costes de traducci\u00f3n de la revista <\/em>Przegl\u0105d Lekarski O\u015bwi\u0119cim<em> al ingl\u00e9s o ayudar\u00e1 en la organizaci\u00f3n del congreso internacional anual Medical Review Auschwitz: Medicine Behind the Barbed Wire<\/em><\/li>\n<li>Medical Education Forum<br \/><em>la donaci\u00f3n cubrir\u00e1 el acceso gratuito a la transmisi\u00f3n en l\u00ednea y a los materiales de e-learning del congreso<\/em><\/li>\n<li>Medicina Interna Basada en la Evidencia<br \/><em>la donaci\u00f3n cubrir\u00e1 costes de distribuci\u00f3n de ejemplares gratuitos del manual a estudiantes de pa\u00edses de ingresos bajos y medianos<\/em><\/li>\n<li>McMaster Textbook of Internal Medicine<br \/><em>la donaci\u00f3n cubrir\u00e1 el acceso gratuito a la versi\u00f3n electr\u00f3nica del manual a estudiantes de pa\u00edses de ingresos bajos y medianos<\/em><\/li>\n<li>Proyecto ucraniano (\u0412\u043d\u0443\u0442\u0440\u0456\u0448\u043d\u0456 \u0445\u0432\u043e\u0440\u043e\u0431\u0438. \u041f\u0456\u0434\u0440\u0443\u0447\u043d\u0438\u043a, \u0437\u0430\u0441\u043d\u043e\u0432\u0430\u043d\u0438\u0439 \u043d\u0430 \u043f\u0440\u0438\u043d\u0446\u0438\u043f\u0430\u0445 \u0434\u043e\u043a\u0430\u0437\u043e\u0432\u043e\u0457 \u043c\u0435\u0434\u0438\u0446\u0438\u043d\u0438)<br \/><em>la donaci\u00f3n cubrir\u00e1 costes de distribuci\u00f3n de ejemplares gratuitos del manual a estudiantes de Ucrania<\/em><\/li>\n<li>Polish Institute for Evidence Based Medicine<br \/><em>la donaci\u00f3n cubrir\u00e1 gastos generales del Instituto<\/em><\/li>\n<\/ul>\n<h5>&iquest;C\u00f3mo hacer una donaci\u00f3n?<\/h5>\n<p>Actualmente aceptamos donaciones mediante transferencias bancarias.<\/p>\n<h5>Detalles de la transferencia bancaria<\/h5>\n<p><em>Nombre del beneficiario:<\/em> FUNDACJA POLSKI INSTYTUT EVIDENCE BASED MEDICINE<br \/><em>Direcci\u00f3n del beneficiario:<\/em> ul. Gazowa 14A, 31-060 Krak\u00f3w, Polonia<br \/><em>Banco:<\/em>\u00a0Powszechna Kasa Oszcz\u0119dno\u015bci Bank Polski SA<br \/><em>Direcci\u00f3n del banco:<\/em> ul. Lubicz 17 A, 31-503 Krak\u00f3w, Polonia<br \/><em>C\u00f3digo SWIFT:<\/em> BPKOPLPW<\/p>\n<p><em>N\u00famero de cuenta bancaria\/C\u00f3digo IBAN:<\/em><br \/><em>EUR:<\/em> PL 35 1020 2892 0000 5402 0834 7934<br \/><em>USD:<\/em> PL 40 1020 2892 0000 5202 0834 7942<br \/><em>CAD:<\/em> PL 31 1020 2892 0000 5102 0834 7959<br \/><em>PLN:<\/em> PL 30 1020 2892 0000 5602 0834 7926<\/p>\n<p><em>T\u00edtulo:<\/em> Donation for <em>[objetivo seleccionado]<\/em><\/p>\n\t\t\t\t\t\t\t\t<\/div>\n\t\t\t\t<\/div>\n\t\t\t\t<div class=\"elementor-element elementor-element-b81fb99 elementor-widget elementor-widget-raven-divider\" data-id=\"b81fb99\" data-element_type=\"widget\" data-e-type=\"widget\" data-widget_type=\"raven-divider.default\">\n\t\t\t\t<div class=\"elementor-widget-container\">\n\t\t\t\t\t\t\t<div class=\"raven-widget-wrapper\">\n\t\t\t<div class=\"raven-divider\">\n\t\t\t\t<span class=\"raven-divider-line raven-divider-solid\"><\/span>\n\t\t\t<\/div>\n\t\t<\/div>\n\t\t\t\t\t\t<\/div>\n\t\t\t\t<\/div>\n\t\t\t\t<div class=\"elementor-element elementor-element-973d102 elementor-widget elementor-widget-text-editor\" data-id=\"973d102\" data-element_type=\"widget\" data-e-type=\"widget\" id=\"sponsor\" data-widget_type=\"text-editor.default\">\n\t\t\t\t<div class=\"elementor-widget-container\">\n\t\t\t\t\t\t\t\t\t<h2>Patrocinio<\/h2>\n<h5>&iquest;Qui\u00e9n puede patrocinarnos?<\/h5>\n<ul>\n<li>Empresas<\/li>\n<\/ul>\n<h5>&iquest;C\u00f3mo patrocinarnos?<\/h5>\n<p>El patrocinio es una una manifestaci\u00f3n concreta de apoyo. Nuestros patrocinadores tienen varias posibilidades de mostrar su reconocimiento, que de forma prominente pueden exponer su marca. Al optar por patrocinarnos, su empresa muestra su confianza depositada en nosotros, respaldo de nuestra misi\u00f3n y aprecio por nuestro trabajo. Los patrocinadores tambi\u00e9n disfrutan de la oportunidad de exponer su trabajo y productos. Los t\u00e9rminos y condiciones detallados de nuestra colaboraci\u00f3n se explican en el <strong>acuerdo de patrocinio.<\/strong><\/p>\n<p>Para obtener m\u00e1s informaci\u00f3n sobre las posibilidades de patrocinio, p\u00f3ngase en contacto con nosotros en contact@piebm.org<\/p>\n\t\t\t\t\t\t\t\t<\/div>\n\t\t\t\t<\/div>\n\t\t\t\t<div class=\"elementor-element elementor-element-41ca248 elementor-widget elementor-widget-raven-divider\" data-id=\"41ca248\" data-element_type=\"widget\" data-e-type=\"widget\" data-widget_type=\"raven-divider.default\">\n\t\t\t\t<div class=\"elementor-widget-container\">\n\t\t\t\t\t\t\t<div class=\"raven-widget-wrapper\">\n\t\t\t<div class=\"raven-divider\">\n\t\t\t\t<span class=\"raven-divider-line raven-divider-solid\"><\/span>\n\t\t\t<\/div>\n\t\t<\/div>\n\t\t\t\t\t\t<\/div>\n\t\t\t\t<\/div>\n\t\t\t\t<div class=\"elementor-element elementor-element-08338ab elementor-widget elementor-widget-text-editor\" data-id=\"08338ab\" data-element_type=\"widget\" data-e-type=\"widget\" id=\"partner\" data-widget_type=\"text-editor.default\">\n\t\t\t\t<div class=\"elementor-widget-container\">\n\t\t\t\t\t\t\t\t\t<h2>Colaboraci\u00f3n<\/h2>\n<h5>&iquest;Qui\u00e9n puede colaborar con nosotros?<\/h5>\n<ul>\n<li>Empresas<\/li>\n<li>Instituciones fuera del sector empresarial<\/li>\n<li>Proyectos o iniciativas<\/li>\n<\/ul>\n<h5>&iquest;C\u00f3mo colaborar con nosotros?<\/h5>\n<p>Nuestro Instituto progresa gracias a sus fundamentos como alianzas, promoci\u00f3n del crecimiento mutuo y colaboraci\u00f3n. Estos acuerdos se basan en el intercambio de bienes y servicios. Colaboramos estrechamente con varias entidades del mundo de medicina: sociedades, asociaciones, universidades, escuelas, hospitales, revistas y editores de medios de comunicaci\u00f3n. Un fuerte apoyo de parte de instituciones p\u00fablicas fortalece nuestra red de contactos. Adem\u00e1s, establecemos alianzas con otros proyectos o eventos educativos, lo que nos permite ampliar la difusi\u00f3n de nuestras actividades valiosas de manera colectiva. Conozca a nuestros colaboradores en <a href=\"https:\/\/piebm.org\/colaboradores\/\"><strong>Colaboradores<\/strong><\/a>.<\/p>\n<p>Si est\u00e1 interesado en colaborar con nuestro Instituto, p\u00f3ngase en contacto con nosotros en contact@piebm.org<\/p>\n\t\t\t\t\t\t\t\t<\/div>\n\t\t\t\t<\/div>\n\t\t\t\t<div class=\"elementor-element elementor-element-2b5965f elementor-widget elementor-widget-raven-divider\" data-id=\"2b5965f\" data-element_type=\"widget\" data-e-type=\"widget\" data-widget_type=\"raven-divider.default\">\n\t\t\t\t<div class=\"elementor-widget-container\">\n\t\t\t\t\t\t\t<div class=\"raven-widget-wrapper\">\n\t\t\t<div class=\"raven-divider\">\n\t\t\t\t<span class=\"raven-divider-line raven-divider-solid\"><\/span>\n\t\t\t<\/div>\n\t\t<\/div>\n\t\t\t\t\t\t<\/div>\n\t\t\t\t<\/div>\n\t\t\t\t<div class=\"elementor-element elementor-element-502e68c elementor-widget elementor-widget-text-editor\" data-id=\"502e68c\" data-element_type=\"widget\" data-e-type=\"widget\" id=\"advertiser\" data-widget_type=\"text-editor.default\">\n\t\t\t\t<div class=\"elementor-widget-container\">\n\t\t\t\t\t\t\t\t\t<h2>Publicidad<\/h2>\n<h5>&iquest;Qui\u00e9n puede anunciarse con nosotros?<\/h5>\n<ul>\n<li>Empresas<\/li>\n<\/ul>\n<h5>C\u00f3mo anunciarse<\/h5>\n<p>&iquest;Est\u00e1 buscando maneras eficaces de entrar en el mercado m\u00e9dico y educativo? &iquest;Quiere presentar sus productos o servicios a un p\u00fablico amplio y comprometido? De ser as\u00ed, &iexcl;no dude en anunciarse con nosotros!<\/p>\n<p>M\u00e1s informaci\u00f3n en <a href=\"https:\/\/piebm.org\/publicidad\/\"><strong>Publicidad<\/strong><\/a>.<\/p>\n\t\t\t\t\t\t\t\t<\/div>\n\t\t\t\t<\/div>\n\t\t\t\t<\/div>\n\t\t\t\t\t<\/div>\n\t\t\t\t<\/div>\n\t\t\t\t<\/div>\n\t\t","protected":false},"excerpt":{"rendered":"","protected":false},"author":1,"featured_media":7551,"parent":0,"menu_order":0,"comment_status":"closed","ping_status":"closed","template":"elementor_header_footer","meta":{"_acf_changed":false,"_themeisle_gutenberg_block_has_review":false,"footnotes":""},"class_list":["post-8697","page","type-page","status-publish","has-post-thumbnail","hentry"],"acf":[],"_links":{"self":[{"href":"https:\/\/piebm.org\/es\/wp-json\/wp\/v2\/pages\/8697","targetHints":{"allow":["GET"]}}],"collection":[{"href":"https:\/\/piebm.org\/es\/wp-json\/wp\/v2\/pages"}],"about":[{"href":"https:\/\/piebm.org\/es\/wp-json\/wp\/v2\/types\/page"}],"author":[{"embeddable":true,"href":"https:\/\/piebm.org\/es\/wp-json\/wp\/v2\/users\/1"}],"replies":[{"embeddable":true,"href":"https:\/\/piebm.org\/es\/wp-json\/wp\/v2\/comments?post=8697"}],"version-history":[{"count":1,"href":"https:\/\/piebm.org\/es\/wp-json\/wp\/v2\/pages\/8697\/revisions"}],"predecessor-version":[{"id":11608,"href":"https:\/\/piebm.org\/es\/wp-json\/wp\/v2\/pages\/8697\/revisions\/11608"}],"wp:featuredmedia":[{"embeddable":true,"href":"https:\/\/piebm.org\/es\/wp-json\/wp\/v2\/media\/7551"}],"wp:attachment":[{"href":"https:\/\/piebm.org\/es\/wp-json\/wp\/v2\/media?parent=8697"}],"curies":[{"name":"wp","href":"https:\/\/api.w.org\/{rel}","templated":true}]}}