{"id":8699,"date":"2024-02-18T13:50:36","date_gmt":"2024-02-18T11:50:36","guid":{"rendered":"https:\/\/piebm.org\/publicidad\/"},"modified":"2024-08-12T14:44:04","modified_gmt":"2024-08-12T12:44:04","slug":"publicidad","status":"publish","type":"page","link":"https:\/\/piebm.org\/es\/publicidad\/","title":{"rendered":"Publicidad"},"content":{"rendered":"\t\t<div data-elementor-type=\"wp-page\" data-elementor-id=\"8699\" class=\"elementor elementor-8699 elementor-1975\">\n\t\t\t\t<div class=\"elementor-element elementor-element-8dd02bb e-flex e-con-boxed e-con e-parent\" data-id=\"8dd02bb\" data-element_type=\"container\" data-e-type=\"container\" data-settings=\"{&quot;jet_parallax_layout_list&quot;:[]}\">\n\t\t\t\t\t<div class=\"e-con-inner\">\n\t\t<div class=\"elementor-element elementor-element-8ba6365 e-con-full elementor-hidden-mobile e-flex e-con e-child\" data-id=\"8ba6365\" data-element_type=\"container\" data-e-type=\"container\" data-settings=\"{&quot;raven_motion_effectssticky&quot;:&quot;top&quot;,&quot;raven_motion_effectssticky_offset&quot;:32,&quot;raven_motion_effectssticky_parent&quot;:&quot;yes&quot;,&quot;raven_motion_effectssticky_on&quot;:[&quot;desktop&quot;,&quot;tablet&quot;],&quot;jet_parallax_layout_list&quot;:[],&quot;raven_motion_effectssticky_effects_offset&quot;:0}\">\n\t\t\t\t<div class=\"elementor-element elementor-element-b7ebc63 main-layout-vertical pointer-underline pointer-anim-grow raven-mobile-nav-menu-align-flex-start dropdown-item-align-flex-start raven-nav-alignment-start submenu-anim-fade raven-dropdown-stretch mobile-breakpoint-mobile raven-nav-menu-align-flex-start raven-nav-menu-align-center elementor-widget elementor-widget-raven-advanced-nav-menu\" data-id=\"b7ebc63\" data-element_type=\"widget\" data-e-type=\"widget\" data-settings=\"{&quot;submenu_indicator&quot;:{&quot;value&quot;:&quot;fas fa-angle-down&quot;,&quot;library&quot;:&quot;fa-solid&quot;},&quot;full_width&quot;:&quot;stretch&quot;,&quot;mobile_layout&quot;:&quot;dropdown&quot;,&quot;close_menu_on_scroll&quot;:&quot;yes&quot;}\" data-widget_type=\"raven-advanced-nav-menu.default\">\n\t\t\t\t<div class=\"elementor-widget-container\">\n\t\t\t\t\t\t\t<!-- Menu Toggle Button -->\n\t\t<div class=\"raven-adnav-menu-toggle\">\n\t\t\t<div class=\"raven-adnav-menu-toggle-button\">\n\t\t\t\t\t\t\t<div class=\"toggle-button-custom\">\n\t\t\t\t\t\t\t\t\t<svg class=\"e-font-icon-svg e-far-list-alt\" viewBox=\"0 0 512 512\" xmlns=\"http:\/\/www.w3.org\/2000\/svg\"><path d=\"M464 32H48C21.49 32 0 53.49 0 80v352c0 26.51 21.49 48 48 48h416c26.51 0 48-21.49 48-48V80c0-26.51-21.49-48-48-48zm-6 400H54a6 6 0 0 1-6-6V86a6 6 0 0 1 6-6h404a6 6 0 0 1 6 6v340a6 6 0 0 1-6 6zm-42-92v24c0 6.627-5.373 12-12 12H204c-6.627 0-12-5.373-12-12v-24c0-6.627 5.373-12 12-12h200c6.627 0 12 5.373 12 12zm0-96v24c0 6.627-5.373 12-12 12H204c-6.627 0-12-5.373-12-12v-24c0-6.627 5.373-12 12-12h200c6.627 0 12 5.373 12 12zm0-96v24c0 6.627-5.373 12-12 12H204c-6.627 0-12-5.373-12-12v-24c0-6.627 5.373-12 12-12h200c6.627 0 12 5.373 12 12zm-252 12c0 19.882-16.118 36-36 36s-36-16.118-36-36 16.118-36 36-36 36 16.118 36 36zm0 96c0 19.882-16.118 36-36 36s-36-16.118-36-36 16.118-36 36-36 36 16.118 36 36zm0 96c0 19.882-16.118 36-36 36s-36-16.118-36-36 16.118-36 36-36 36 16.118 36 36z\"><\/path><\/svg>\t\t\t\t<\/div>\n\t\t\t<\/div>\n\t\t<\/div>\n\t\t\t\t<!-- Main Menu -->\n\t\t<nav data-layout=\"vertical\" class=\"raven-adnav-menu-main raven-adnav-menu-vertical  \">\n\t\t\t\t\t<ul id=\"menu-b7ebc63\" class=\"raven-adnav-menu\">\n\t\t\t\t\t\t\t\t<li class=\"menu-item\" data-width_type=\"default\" data-submenu_pos=\"center\">\n\t\t\t\t\t\t\t\t<a href=\"#intro\" class=\"raven-link-item raven-menu-item\">\n\t\t\t\t\t\t<span class=\"link-text\">\n\t\t\t\t<span class=\"link-label\">\n\t\t\t\t\tAnunciar con nosotros\t\t\t\t<\/span>\n\t\t\t\t\t\t\t<\/span>\n\t\t<\/a>\n\t\t\t\t\t\t\t<\/li>\n\t\t\t\t\t\t\t<\/ul>\n\t\t\t\t<\/nav>\n\t\t\t\t<!-- Mobile Menu -->\n\t\t<nav data-layout=\"dropdown\" class=\"raven-adnav-menu-mobile raven-adnav-menu-dropdown \">\n\t\t\t\t\t\t<div class=\"raven-container\">\n\t\t\t\t\t\t<ul id=\"menu-mobile-b7ebc63\" class=\"raven-adnav-menu\">\n\t\t\t\t\t\t\t\t<li class=\"menu-item\" data-width_type=\"default\" data-submenu_pos=\"center\">\n\t\t\t\t\t\t\t\t<a href=\"#intro\" class=\"raven-link-item raven-menu-item\">\n\t\t\t\t\t\t<span class=\"link-text\">\n\t\t\t\t<span class=\"link-label\">\n\t\t\t\t\tAnunciar con nosotros\t\t\t\t<\/span>\n\t\t\t\t\t\t\t<\/span>\n\t\t<\/a>\n\t\t\t\t\t\t\t<\/li>\n\t\t\t\t\t\t\t<\/ul>\n\t\t\t\t\t<\/div>\n\t\t<\/nav>\n\t\t\t\t\t\t<\/div>\n\t\t\t\t<\/div>\n\t\t\t\t<\/div>\n\t\t<div class=\"elementor-element elementor-element-14aaf9e e-con-full e-flex e-con e-child\" data-id=\"14aaf9e\" data-element_type=\"container\" data-e-type=\"container\" data-settings=\"{&quot;jet_parallax_layout_list&quot;:[]}\">\n\t\t<div class=\"elementor-element elementor-element-3576ad5 e-flex e-con-boxed e-con e-child\" data-id=\"3576ad5\" data-element_type=\"container\" data-e-type=\"container\" id=\"intro\" data-settings=\"{&quot;jet_parallax_layout_list&quot;:[]}\">\n\t\t\t\t\t<div class=\"e-con-inner\">\n\t\t\t\t<div class=\"elementor-element elementor-element-6eecdab elementor-widget elementor-widget-text-editor\" data-id=\"6eecdab\" data-element_type=\"widget\" data-e-type=\"widget\" id=\"intro\" data-widget_type=\"text-editor.default\">\n\t\t\t\t<div class=\"elementor-widget-container\">\n\t\t\t\t\t\t\t\t\t<p>El Polish Institute for Evidence Based Medicine (PIEBM) publica material comprensible utilizado en la educaci\u00f3n m\u00e9dica: libros, apps m\u00f3viles y otros recursos electr\u00f3nicos. El Instituto tiene tambi\u00e9n una amplia experiencia en la organizaci\u00f3n de eventos educativos para el sector m\u00e9dico. Como una organizaci\u00f3n sin \u00e1nimo de lucro, estamos en una b\u00fasqueda activa de cooperaci\u00f3n con empresas socialmente responsables que apoyen nuestra misi\u00f3n.<\/p>\n<p>&iquest;Est\u00e1 buscando maneras eficaces de entrar en el mercado m\u00e9dico? &iquest;Quiere presentar sus productos o servicios a un p\u00fablico global? Estaremos encantados de ayudarlo a alcanzar sus objetivos a trav\u00e9s de la publicidad.<\/p>\n<p>El Instituto ofrece una amplia variedad de opciones de publicidad para satisfacer cualquier necesidad y presupuesto. Podemos ayudarlo a crear una campa&ntilde;a personalizada que aumente el reconocimiento de su marca y genere clientes potenciales.<\/p>\n<p>Al asociarse con nuestro Instituto, podr\u00e1 beneficiarse de:<\/p>\n<ul>\n<li>acceso al vasto mercado de profesionales, estudiantes, investigadores y educadores de la salud de diferentes pa\u00edses<\/li>\n<li>posibilidad de presentar su portafolio a los altamente comprometidos usuarios de nuestros productos y participantes de nuestros eventos presenciales<\/li>\n<li>contenido y dise&ntilde;o de alta calidad, que mejorar\u00e1n la imagen y reputaci\u00f3n de su marca.<\/li>\n<\/ul>\n<p>P\u00f3ngase en contacto con nosotros en <b>contact@piebm.org<\/b> y d\u00e9jenos ayudarlo a crear una campa&ntilde;a publicitaria exitosa. &iexcl;Quedamos a la espera de sus noticias!<\/p>\n\t\t\t\t\t\t\t\t<\/div>\n\t\t\t\t<\/div>\n\t\t\t\t<div class=\"elementor-element elementor-element-27e03ef elementor-widget elementor-widget-raven-alert\" data-id=\"27e03ef\" data-element_type=\"widget\" data-e-type=\"widget\" data-widget_type=\"raven-alert.default\">\n\t\t\t\t<div class=\"elementor-widget-container\">\n\t\t\t\t\t\t\t<div class=\"raven-widget-wrapper raven-flex\">\n\t\t\t<div class=\"raven-alert raven-alert-info raven-flex raven-flex-top raven-flex-none\" role=\"alert\">\n\t\t\t\t\t\t<div class=\"raven-alert-icon\">\n\t\t<svg aria-hidden=\"true\" class=\"e-font-icon-svg e-fas-info-circle\" viewBox=\"0 0 512 512\" xmlns=\"http:\/\/www.w3.org\/2000\/svg\"><path d=\"M256 8C119.043 8 8 119.083 8 256c0 136.997 111.043 248 248 248s248-111.003 248-248C504 119.083 392.957 8 256 8zm0 110c23.196 0 42 18.804 42 42s-18.804 42-42 42-42-18.804-42-42 18.804-42 42-42zm56 254c0 6.627-5.373 12-12 12h-88c-6.627 0-12-5.373-12-12v-24c0-6.627 5.373-12 12-12h12v-64h-12c-6.627 0-12-5.373-12-12v-24c0-6.627 5.373-12 12-12h64c6.627 0 12 5.373 12 12v100h12c6.627 0 12 5.373 12 12v24z\"><\/path><\/svg>\t\t<\/div>\n\t\t\t\t<div class=\"raven-alert-content\">\n\t\t\t<div class=\"raven-alert-title\">Restricciones<\/div>\n\t\t\t\t\t\t\t<div class=\"raven-alert-description\"><p>Tenga en cuenta que para nosotros es de especial importancia el hecho de ser <strong>libres de sesgo.<\/strong> La mayor\u00eda de nuestros materiales y cursos es acreditada y apoyada por varias instituciones, tales como el European Accreditation Council for Continuing Medical Education (EACCME\u00ae), la American Medical Association, el Royal College of Physicians and Surgeons of Canada, la United Arab Emirates University (UAEU-CME), el American College of Physicians (ACP), la INFARMA y el Ethical MedTech. Estamos comprometidos a respetar las normas relevantes de acreditaci\u00f3n.<\/p>\n<\/div>\n\t\t\t\t\t<\/div>\n\t\t\t\t\t<\/div>\n\t\t<\/div>\n\t\t\t\t\t\t<\/div>\n\t\t\t\t<\/div>\n\t\t\t\t\t<\/div>\n\t\t\t\t<\/div>\n\t\t\t\t<\/div>\n\t\t\t\t\t<\/div>\n\t\t\t\t<\/div>\n\t\t\t\t<\/div>\n\t\t","protected":false},"excerpt":{"rendered":"<p>Anunciar con nosotros Anunciar con nosotros El Polish Institute for Evidence Based Medicine (PIEBM) publica material comprensible utilizado en la educaci\u00f3n m\u00e9dica: libros, apps m\u00f3viles y otros recursos electr\u00f3nicos. El Instituto tiene tambi\u00e9n una amplia experiencia en la organizaci\u00f3n de eventos educativos para el sector m\u00e9dico. Como una organizaci\u00f3n sin \u00e1nimo de lucro, estamos en [&hellip;]<\/p>\n","protected":false},"author":1,"featured_media":7533,"parent":0,"menu_order":0,"comment_status":"closed","ping_status":"closed","template":"elementor_header_footer","meta":{"_acf_changed":false,"_themeisle_gutenberg_block_has_review":false,"footnotes":""},"class_list":["post-8699","page","type-page","status-publish","has-post-thumbnail","hentry"],"acf":[],"_links":{"self":[{"href":"https:\/\/piebm.org\/es\/wp-json\/wp\/v2\/pages\/8699","targetHints":{"allow":["GET"]}}],"collection":[{"href":"https:\/\/piebm.org\/es\/wp-json\/wp\/v2\/pages"}],"about":[{"href":"https:\/\/piebm.org\/es\/wp-json\/wp\/v2\/types\/page"}],"author":[{"embeddable":true,"href":"https:\/\/piebm.org\/es\/wp-json\/wp\/v2\/users\/1"}],"replies":[{"embeddable":true,"href":"https:\/\/piebm.org\/es\/wp-json\/wp\/v2\/comments?post=8699"}],"version-history":[{"count":0,"href":"https:\/\/piebm.org\/es\/wp-json\/wp\/v2\/pages\/8699\/revisions"}],"wp:featuredmedia":[{"embeddable":true,"href":"https:\/\/piebm.org\/es\/wp-json\/wp\/v2\/media\/7533"}],"wp:attachment":[{"href":"https:\/\/piebm.org\/es\/wp-json\/wp\/v2\/media?parent=8699"}],"curies":[{"name":"wp","href":"https:\/\/api.w.org\/{rel}","templated":true}]}}