{"id":1933,"date":"2024-02-18T12:59:36","date_gmt":"2024-02-18T10:59:36","guid":{"rendered":"https:\/\/piebm.org\/?page_id=1933"},"modified":"2024-09-12T03:09:50","modified_gmt":"2024-09-12T01:09:50","slug":"support-us","status":"publish","type":"page","link":"https:\/\/piebm.org\/pl\/support-us\/","title":{"rendered":"Support us"},"content":{"rendered":"\t\t<div data-elementor-type=\"wp-page\" data-elementor-id=\"1933\" class=\"elementor elementor-1933\">\n\t\t\t\t<div class=\"elementor-element elementor-element-8dd02bb e-flex e-con-boxed e-con e-parent\" data-id=\"8dd02bb\" data-element_type=\"container\" data-e-type=\"container\" data-settings=\"{&quot;jet_parallax_layout_list&quot;:[]}\">\n\t\t\t\t\t<div class=\"e-con-inner\">\n\t\t<div class=\"elementor-element elementor-element-8ba6365 e-con-full e-flex e-con e-child\" data-id=\"8ba6365\" data-element_type=\"container\" data-e-type=\"container\" data-settings=\"{&quot;raven_motion_effectssticky&quot;:&quot;top&quot;,&quot;raven_motion_effectssticky_offset&quot;:32,&quot;raven_motion_effectssticky_parent&quot;:&quot;yes&quot;,&quot;raven_motion_effectssticky_on&quot;:[&quot;desktop&quot;,&quot;tablet&quot;],&quot;jet_parallax_layout_list&quot;:[],&quot;raven_motion_effectssticky_effects_offset&quot;:0}\">\n\t\t\t\t<div class=\"elementor-element elementor-element-b7ebc63 main-layout-vertical pointer-underline pointer-anim-grow raven-mobile-nav-menu-align-flex-start dropdown-item-align-flex-start raven-nav-alignment-start submenu-anim-fade raven-dropdown-stretch mobile-breakpoint-mobile raven-nav-menu-align-flex-start raven-nav-menu-align-center elementor-widget elementor-widget-raven-advanced-nav-menu\" data-id=\"b7ebc63\" data-element_type=\"widget\" data-e-type=\"widget\" data-settings=\"{&quot;submenu_indicator&quot;:{&quot;value&quot;:&quot;far fa-list-alt&quot;,&quot;library&quot;:&quot;fa-regular&quot;},&quot;full_width&quot;:&quot;stretch&quot;,&quot;mobile_layout&quot;:&quot;dropdown&quot;,&quot;close_menu_on_scroll&quot;:&quot;yes&quot;}\" data-widget_type=\"raven-advanced-nav-menu.default\">\n\t\t\t\t<div class=\"elementor-widget-container\">\n\t\t\t\t\t\t\t<!-- Menu Toggle Button -->\n\t\t<div class=\"raven-adnav-menu-toggle\">\n\t\t\t<div class=\"raven-adnav-menu-toggle-button\">\n\t\t\t\t\t\t\t<div class=\"toggle-button-custom\">\n\t\t\t\t\t\t\t\t\t<svg class=\"e-font-icon-svg e-far-list-alt\" viewBox=\"0 0 512 512\" xmlns=\"http:\/\/www.w3.org\/2000\/svg\"><path d=\"M464 32H48C21.49 32 0 53.49 0 80v352c0 26.51 21.49 48 48 48h416c26.51 0 48-21.49 48-48V80c0-26.51-21.49-48-48-48zm-6 400H54a6 6 0 0 1-6-6V86a6 6 0 0 1 6-6h404a6 6 0 0 1 6 6v340a6 6 0 0 1-6 6zm-42-92v24c0 6.627-5.373 12-12 12H204c-6.627 0-12-5.373-12-12v-24c0-6.627 5.373-12 12-12h200c6.627 0 12 5.373 12 12zm0-96v24c0 6.627-5.373 12-12 12H204c-6.627 0-12-5.373-12-12v-24c0-6.627 5.373-12 12-12h200c6.627 0 12 5.373 12 12zm0-96v24c0 6.627-5.373 12-12 12H204c-6.627 0-12-5.373-12-12v-24c0-6.627 5.373-12 12-12h200c6.627 0 12 5.373 12 12zm-252 12c0 19.882-16.118 36-36 36s-36-16.118-36-36 16.118-36 36-36 36 16.118 36 36zm0 96c0 19.882-16.118 36-36 36s-36-16.118-36-36 16.118-36 36-36 36 16.118 36 36zm0 96c0 19.882-16.118 36-36 36s-36-16.118-36-36 16.118-36 36-36 36 16.118 36 36z\"><\/path><\/svg>\t\t\t\t<\/div>\n\t\t\t<\/div>\n\t\t<\/div>\n\t\t\t\t<!-- Main Menu -->\n\t\t<nav data-layout=\"vertical\" class=\"raven-adnav-menu-main raven-adnav-menu-vertical  \">\n\t\t\t\t\t<ul id=\"menu-b7ebc63\" class=\"raven-adnav-menu\">\n\t\t\t\t\t\t\t\t<li class=\"menu-item\" data-width_type=\"default\" data-submenu_pos=\"center\">\n\t\t\t\t\t\t\t\t<a href=\"#intro\" class=\"raven-link-item raven-menu-item\">\n\t\t\t\t\t\t<span class=\"link-text\">\n\t\t\t\t<span class=\"link-label\">\n\t\t\t\t\tIntroduction\t\t\t\t<\/span>\n\t\t\t\t\t\t\t<\/span>\n\t\t<\/a>\n\t\t\t\t\t\t\t<\/li>\n\t\t\t\t\t\t\t\t\t\t<li class=\"menu-item\" data-width_type=\"default\" data-submenu_pos=\"center\">\n\t\t\t\t\t\t\t\t<a href=\"#donor\" class=\"raven-link-item raven-menu-item\">\n\t\t\t\t\t\t<span class=\"link-text\">\n\t\t\t\t<span class=\"link-label\">\n\t\t\t\t\tDonor\t\t\t\t<\/span>\n\t\t\t\t\t\t\t<\/span>\n\t\t<\/a>\n\t\t\t\t\t\t\t<\/li>\n\t\t\t\t\t\t\t\t\t\t<li class=\"menu-item\" data-width_type=\"default\" data-submenu_pos=\"center\">\n\t\t\t\t\t\t\t\t<a href=\"#sponsor\" class=\"raven-link-item raven-menu-item\">\n\t\t\t\t\t\t<span class=\"link-text\">\n\t\t\t\t<span class=\"link-label\">\n\t\t\t\t\tSponsor\t\t\t\t<\/span>\n\t\t\t\t\t\t\t<\/span>\n\t\t<\/a>\n\t\t\t\t\t\t\t<\/li>\n\t\t\t\t\t\t\t\t\t\t<li class=\"menu-item\" data-width_type=\"default\" data-submenu_pos=\"center\">\n\t\t\t\t\t\t\t\t<a href=\"#partner\" class=\"raven-link-item raven-menu-item\">\n\t\t\t\t\t\t<span class=\"link-text\">\n\t\t\t\t<span class=\"link-label\">\n\t\t\t\t\tPartner\t\t\t\t<\/span>\n\t\t\t\t\t\t\t<\/span>\n\t\t<\/a>\n\t\t\t\t\t\t\t<\/li>\n\t\t\t\t\t\t\t\t\t\t<li class=\"menu-item\" data-width_type=\"default\" data-submenu_pos=\"center\">\n\t\t\t\t\t\t\t\t<a href=\"#advertiser\" class=\"raven-link-item raven-menu-item\">\n\t\t\t\t\t\t<span class=\"link-text\">\n\t\t\t\t<span class=\"link-label\">\n\t\t\t\t\tAdvertiser\t\t\t\t<\/span>\n\t\t\t\t\t\t\t<\/span>\n\t\t<\/a>\n\t\t\t\t\t\t\t<\/li>\n\t\t\t\t\t\t\t<\/ul>\n\t\t\t\t<\/nav>\n\t\t\t\t<!-- Mobile Menu -->\n\t\t<nav data-layout=\"dropdown\" class=\"raven-adnav-menu-mobile raven-adnav-menu-dropdown \">\n\t\t\t\t\t\t<div class=\"raven-container\">\n\t\t\t\t\t\t<ul id=\"menu-mobile-b7ebc63\" class=\"raven-adnav-menu\">\n\t\t\t\t\t\t\t\t<li class=\"menu-item\" data-width_type=\"default\" data-submenu_pos=\"center\">\n\t\t\t\t\t\t\t\t<a href=\"#intro\" class=\"raven-link-item raven-menu-item\">\n\t\t\t\t\t\t<span class=\"link-text\">\n\t\t\t\t<span class=\"link-label\">\n\t\t\t\t\tIntroduction\t\t\t\t<\/span>\n\t\t\t\t\t\t\t<\/span>\n\t\t<\/a>\n\t\t\t\t\t\t\t<\/li>\n\t\t\t\t\t\t\t\t\t\t<li class=\"menu-item\" data-width_type=\"default\" data-submenu_pos=\"center\">\n\t\t\t\t\t\t\t\t<a href=\"#donor\" class=\"raven-link-item raven-menu-item\">\n\t\t\t\t\t\t<span class=\"link-text\">\n\t\t\t\t<span class=\"link-label\">\n\t\t\t\t\tDonor\t\t\t\t<\/span>\n\t\t\t\t\t\t\t<\/span>\n\t\t<\/a>\n\t\t\t\t\t\t\t<\/li>\n\t\t\t\t\t\t\t\t\t\t<li class=\"menu-item\" data-width_type=\"default\" data-submenu_pos=\"center\">\n\t\t\t\t\t\t\t\t<a href=\"#sponsor\" class=\"raven-link-item raven-menu-item\">\n\t\t\t\t\t\t<span class=\"link-text\">\n\t\t\t\t<span class=\"link-label\">\n\t\t\t\t\tSponsor\t\t\t\t<\/span>\n\t\t\t\t\t\t\t<\/span>\n\t\t<\/a>\n\t\t\t\t\t\t\t<\/li>\n\t\t\t\t\t\t\t\t\t\t<li class=\"menu-item\" data-width_type=\"default\" data-submenu_pos=\"center\">\n\t\t\t\t\t\t\t\t<a href=\"#partner\" class=\"raven-link-item raven-menu-item\">\n\t\t\t\t\t\t<span class=\"link-text\">\n\t\t\t\t<span class=\"link-label\">\n\t\t\t\t\tPartner\t\t\t\t<\/span>\n\t\t\t\t\t\t\t<\/span>\n\t\t<\/a>\n\t\t\t\t\t\t\t<\/li>\n\t\t\t\t\t\t\t\t\t\t<li class=\"menu-item\" data-width_type=\"default\" data-submenu_pos=\"center\">\n\t\t\t\t\t\t\t\t<a href=\"#advertiser\" class=\"raven-link-item raven-menu-item\">\n\t\t\t\t\t\t<span class=\"link-text\">\n\t\t\t\t<span class=\"link-label\">\n\t\t\t\t\tAdvertiser\t\t\t\t<\/span>\n\t\t\t\t\t\t\t<\/span>\n\t\t<\/a>\n\t\t\t\t\t\t\t<\/li>\n\t\t\t\t\t\t\t<\/ul>\n\t\t\t\t\t<\/div>\n\t\t<\/nav>\n\t\t\t\t\t\t<\/div>\n\t\t\t\t<\/div>\n\t\t\t\t<\/div>\n\t\t<div class=\"elementor-element elementor-element-14aaf9e e-con-full e-flex e-con e-child\" data-id=\"14aaf9e\" data-element_type=\"container\" data-e-type=\"container\" data-settings=\"{&quot;jet_parallax_layout_list&quot;:[]}\">\n\t\t<div class=\"elementor-element elementor-element-3576ad5 e-flex e-con-boxed e-con e-child\" data-id=\"3576ad5\" data-element_type=\"container\" data-e-type=\"container\" id=\"intro\" data-settings=\"{&quot;jet_parallax_layout_list&quot;:[]}\">\n\t\t\t\t\t<div class=\"e-con-inner\">\n\t\t\t\t<div class=\"elementor-element elementor-element-6eecdab elementor-widget elementor-widget-text-editor\" data-id=\"6eecdab\" data-element_type=\"widget\" data-e-type=\"widget\" id=\"intro\" data-widget_type=\"text-editor.default\">\n\t\t\t\t<div class=\"elementor-widget-container\">\n\t\t\t\t\t\t\t\t\t<p>The Polish Institute for Evidence Based Medicine (PIEBM) publishes comprehensive medical books, mobile apps, and digital resources used in medical education. The Institute also has extensive experience in organizing educational events for the medical sector. As a <strong>not-for-profit organization<\/strong>, we actively seek partnerships with socially responsible businesses to support our mission.<\/p><p>All income generated by the Institute is directed towards our statutory activities, benefiting the global community of physicians and other health-care professionals, and ultimately the patients. While most of our publications and courses involve a participation fee, additional funds enable us to <b>bridge the income gap between health care professionals worldwide<\/b>. This includes:<\/p><ul><li>Assisting young physicians from low- and middle-income countries by providing participation fee waivers and free accommodation for the Young Talents in Internal Medicine event in Krak\u00f3w, Poland<\/li><li>Offering free access to our online platforms, courses, and conferences<\/li><li>Providing books to students and physicians in need of professional education<\/li><li>Publishing articles and video interviews without paywalls<\/li><li>Fostering connections between medical educators and university faculty, facilitating knowledge and experience exchange<\/li><li>Translating essential medical materials into Polish, English, Spanish, and Ukrainian<\/li><\/ul>\t\t\t\t\t\t\t\t<\/div>\n\t\t\t\t<\/div>\n\t\t\t\t<div class=\"elementor-element elementor-element-27e03ef elementor-widget elementor-widget-raven-alert\" data-id=\"27e03ef\" data-element_type=\"widget\" data-e-type=\"widget\" data-widget_type=\"raven-alert.default\">\n\t\t\t\t<div class=\"elementor-widget-container\">\n\t\t\t\t\t\t\t<div class=\"raven-widget-wrapper raven-flex\">\n\t\t\t<div class=\"raven-alert raven-alert-info raven-flex raven-flex-top raven-flex-none\" role=\"alert\">\n\t\t\t\t\t\t<div class=\"raven-alert-icon\">\n\t\t<svg aria-hidden=\"true\" class=\"e-font-icon-svg e-fas-info-circle\" viewBox=\"0 0 512 512\" xmlns=\"http:\/\/www.w3.org\/2000\/svg\"><path d=\"M256 8C119.043 8 8 119.083 8 256c0 136.997 111.043 248 248 248s248-111.003 248-248C504 119.083 392.957 8 256 8zm0 110c23.196 0 42 18.804 42 42s-18.804 42-42 42-42-18.804-42-42 18.804-42 42-42zm56 254c0 6.627-5.373 12-12 12h-88c-6.627 0-12-5.373-12-12v-24c0-6.627 5.373-12 12-12h12v-64h-12c-6.627 0-12-5.373-12-12v-24c0-6.627 5.373-12 12-12h64c6.627 0 12 5.373 12 12v100h12c6.627 0 12 5.373 12 12v24z\"><\/path><\/svg>\t\t<\/div>\n\t\t\t\t<div class=\"raven-alert-content\">\n\t\t\t<div class=\"raven-alert-title\">Restrictions<\/div>\n\t\t\t\t\t\t\t<div class=\"raven-alert-description\"><p>Please note that we place a strong emphasis on being <strong>unbiased<\/strong>. The majority of our content and courses are accredited and endorsed by various institutions, such as the European Accreditation Council for Continuing Medical Education (EACCME\u00ae), the American Medical Association, the Royal College of Physicians and Surgeons of Canada, the United Arab Emirates University (UAEU-CME), the American College of Physicians (ACP), INFARMA, and Ethical MedTech. We are committed to abiding by the relevant rules of accreditation.<\/p><\/div>\n\t\t\t\t\t<\/div>\n\t\t\t\t\t<\/div>\n\t\t<\/div>\n\t\t\t\t\t\t<\/div>\n\t\t\t\t<\/div>\n\t\t\t\t\t<\/div>\n\t\t\t\t<\/div>\n\t\t\t\t<div class=\"elementor-element elementor-element-811807f elementor-widget elementor-widget-heading\" data-id=\"811807f\" data-element_type=\"widget\" data-e-type=\"widget\" data-widget_type=\"heading.default\">\n\t\t\t\t<div class=\"elementor-widget-container\">\n\t\t\t\t\t<div class=\"elementor-heading-title elementor-size-default\">Select your preferred form of involvement from the following options<\/div>\t\t\t\t<\/div>\n\t\t\t\t<\/div>\n\t\t\t\t<div class=\"elementor-element elementor-element-b2c03d6 elementor-widget elementor-widget-text-editor\" data-id=\"b2c03d6\" data-element_type=\"widget\" data-e-type=\"widget\" id=\"donor\" data-widget_type=\"text-editor.default\">\n\t\t\t\t<div class=\"elementor-widget-container\">\n\t\t\t\t\t\t\t\t\t<h2>Donor<\/h2>\n<h5>Who can be a Donor?<\/h5>\n<ul>\n<li>Individuals<\/li>\n<li>Companies<\/li>\n<li>Institutions outside the business sector<\/li>\n<\/ul>\n<h5>How to become a Donor?<\/h5>\n<p>Donation is a direct support for our activity. We offer the option for donors to either disclose their identity or remain anonymous, based on individual preferences. A donation agreement, outlining the specific terms and conditions of the contribution, can be signed. Expressing gratitude can be done formally through public acknowledgment or privately, depending on your preferences and conditions.<\/p>\n<h5>Donation goals<\/h5>\n<p>Think which of our projects you want to support:<\/p>\n<ul>\n<li>McMaster International Review Course in Internal Medicine<br><i>The donation will cover the participation fee for physicians from low- and medium-income countries<\/i><\/li>\n<li>Young Talents in Internal Medicine<br><em>The donation will cover the participation fee for young physicians from low and medium-income countries and their accommodation in Krak\u00f3w, Poland<\/em><\/li>\n<li>Medical Review Auschwitz<br><em>The donation will cover the cost of translation of&nbsp;<\/em>Przegl\u0105d Lekarski O\u015bwi\u0119cim<em> into English or support the annual international conference Medical Review Auschwitz: Medicine Behind the Barbed Wire<\/em><\/li>\n<li>Medical Education Forum<br><em>The donation will cover free access to online streaming and e-learning materials from the conference<\/em><\/li>\n<li>Medicina Interna Basada en la Evidencia<br><em>The donation will cover distribution of free copies of the textbook for students in low- and medium-income countries<\/em><\/li>\n<li>McMaster Textbook of Internal Medicine<br><em>The donation will cover free access to the online version of the textbook for students in low- and medium-income countries<\/em><\/li>\n<li>Medical Textbook Ukrainian Edition<br><em>The donation will cover distribution of free copies of the textbook for students in Ukraine<\/em><\/li>\n<li>Polish Institute for Evidence Based Medicine<br><em>The donation will cover overhead costs of the Institute<\/em><\/li>\n<\/ul>\n<h5>How to send a donation<\/h5>\n<p>At the moment we accept donations via bank transfer.<\/p>\n<h5>Bank transfer details<\/h5>\n<p><em>Beneficiary name:<\/em> FUNDACJA POLSKI INSTYTUT EVIDENCE BASED MEDICINE<br><em>Beneficiary address:<\/em> ul. Gazowa 14A, 31-060 Krak\u00f3w, Poland<br><em>Bank:<\/em>&nbsp;Powszechna Kasa Oszcz\u0119dno\u015bci Bank Polski SA<br><em>Bank address:<\/em> ul. Lubicz 17 A, 31-503 Krak\u00f3w, Poland<br><em>SWIFT Code:<\/em> BPKOPLPW<\/p>\n<p><em>Account no.\/IBAN code:<\/em><br><em>EUR:<\/em> PL35 1020 2892 0000 5402 0834 7934<br><em>USD:<\/em> PL40 1020 2892 0000 5202 0834 7942<br><em>CAD:<\/em> PL31 1020 2892 0000 5102 0834 7959<br><em>PLN:<\/em> PL30 1020 2892 0000 5602 0834 7926<\/p>\n<p><em>Transfer name:<\/em> Donation for <em>[chosen donation goal]<\/em><\/p>\t\t\t\t\t\t\t\t<\/div>\n\t\t\t\t<\/div>\n\t\t\t\t<div class=\"elementor-element elementor-element-b81fb99 elementor-widget elementor-widget-raven-divider\" data-id=\"b81fb99\" data-element_type=\"widget\" data-e-type=\"widget\" data-widget_type=\"raven-divider.default\">\n\t\t\t\t<div class=\"elementor-widget-container\">\n\t\t\t\t\t\t\t<div class=\"raven-widget-wrapper\">\n\t\t\t<div class=\"raven-divider\">\n\t\t\t\t<span class=\"raven-divider-line raven-divider-solid\"><\/span>\n\t\t\t<\/div>\n\t\t<\/div>\n\t\t\t\t\t\t<\/div>\n\t\t\t\t<\/div>\n\t\t\t\t<div class=\"elementor-element elementor-element-973d102 elementor-widget elementor-widget-text-editor\" data-id=\"973d102\" data-element_type=\"widget\" data-e-type=\"widget\" id=\"sponsor\" data-widget_type=\"text-editor.default\">\n\t\t\t\t<div class=\"elementor-widget-container\">\n\t\t\t\t\t\t\t\t\t<h2>Sponsor<\/h2><h5>Who can be a Sponsor?<\/h5><ul><li>Companies<\/li><\/ul><h5>How to become a Sponsor?<\/h5><p>Sponsorship represents a tangible display of support. We provide various acknowledgment options for sponsors, showcasing their brand prominently. Acquiring a sponsorship title signifies your company&#8217;s trust in us, endorsement of our mission, and appreciation for our work. Sponsors also enjoy the opportunity to showcase their work and products. Detailed terms and conditions of our collaboration are outlined in a <strong>sponsorship agreement<\/strong>.<\/p><p>For further information on sponsorship possibilities, please contact us at contact@piebm.org.<\/p>\t\t\t\t\t\t\t\t<\/div>\n\t\t\t\t<\/div>\n\t\t\t\t<div class=\"elementor-element elementor-element-41ca248 elementor-widget elementor-widget-raven-divider\" data-id=\"41ca248\" data-element_type=\"widget\" data-e-type=\"widget\" data-widget_type=\"raven-divider.default\">\n\t\t\t\t<div class=\"elementor-widget-container\">\n\t\t\t\t\t\t\t<div class=\"raven-widget-wrapper\">\n\t\t\t<div class=\"raven-divider\">\n\t\t\t\t<span class=\"raven-divider-line raven-divider-solid\"><\/span>\n\t\t\t<\/div>\n\t\t<\/div>\n\t\t\t\t\t\t<\/div>\n\t\t\t\t<\/div>\n\t\t\t\t<div class=\"elementor-element elementor-element-08338ab elementor-widget elementor-widget-text-editor\" data-id=\"08338ab\" data-element_type=\"widget\" data-e-type=\"widget\" id=\"partner\" data-widget_type=\"text-editor.default\">\n\t\t\t\t<div class=\"elementor-widget-container\">\n\t\t\t\t\t\t\t\t\t<h2>Partner<\/h2><h5>Who can be a Partner?<\/h5><ul><li>Companies<\/li><li>Institutions outside the business sector<\/li><li>Project or initiative<\/li><\/ul><h5>How to become a Partner?<\/h5><p>Our Institute thrives on the foundation of partnerships, fostering mutual growth and collaboration. These alliances are built upon the exchange of goods and services. We closely collaborate with medical societies, associations, universities, schools, hospitals, journals, and media publishers. Strong support from public institutions reinforces our network. Additionally, we establish alliances with other educational projects or events, where we can collectively amplify the dissemination of valuable activities. Meet our partners at <a href=\"https:\/\/piebm.org\/partners\/\"><strong>Partners<\/strong><\/a> site.<\/p><p>For those interested in collaboration, please reach out to us at contact@piebm.org.<\/p>\t\t\t\t\t\t\t\t<\/div>\n\t\t\t\t<\/div>\n\t\t\t\t<div class=\"elementor-element elementor-element-2b5965f elementor-widget elementor-widget-raven-divider\" data-id=\"2b5965f\" data-element_type=\"widget\" data-e-type=\"widget\" data-widget_type=\"raven-divider.default\">\n\t\t\t\t<div class=\"elementor-widget-container\">\n\t\t\t\t\t\t\t<div class=\"raven-widget-wrapper\">\n\t\t\t<div class=\"raven-divider\">\n\t\t\t\t<span class=\"raven-divider-line raven-divider-solid\"><\/span>\n\t\t\t<\/div>\n\t\t<\/div>\n\t\t\t\t\t\t<\/div>\n\t\t\t\t<\/div>\n\t\t\t\t<div class=\"elementor-element elementor-element-502e68c elementor-widget elementor-widget-text-editor\" data-id=\"502e68c\" data-element_type=\"widget\" data-e-type=\"widget\" id=\"advertiser\" data-widget_type=\"text-editor.default\">\n\t\t\t\t<div class=\"elementor-widget-container\">\n\t\t\t\t\t\t\t\t\t<h2>Advertiser<\/h2><h5>Who can be an Advertiser?<\/h5><ul><li>Companies<\/li><\/ul><h5>How to become an Advertiser?<\/h5><p>Are you looking for effective ways to reach the medical and educational market? Do you want to showcase your products or services to a large and engaged audience? If yes, then you should consider advertising with us!<\/p><p>Find out more at <a href=\"https:\/\/piebm.org\/advertising\/\"><strong>Advertising <\/strong><\/a>site.<\/p>\t\t\t\t\t\t\t\t<\/div>\n\t\t\t\t<\/div>\n\t\t\t\t<\/div>\n\t\t\t\t\t<\/div>\n\t\t\t\t<\/div>\n\t\t\t\t<\/div>\n\t\t","protected":false},"excerpt":{"rendered":"<p>Introduction Donor Sponsor Partner Advertiser Introduction Donor Sponsor Partner Advertiser The Polish Institute for Evidence Based Medicine (PIEBM) publishes comprehensive medical books, mobile apps, and digital resources used in medical education. The Institute also has extensive experience in organizing educational events for the medical sector. As a not-for-profit organization, we actively seek partnerships with socially [&hellip;]<\/p>\n","protected":false},"author":1,"featured_media":2421,"parent":0,"menu_order":0,"comment_status":"closed","ping_status":"closed","template":"elementor_header_footer","meta":{"_acf_changed":false,"_themeisle_gutenberg_block_has_review":false,"footnotes":""},"class_list":["post-1933","page","type-page","status-publish","has-post-thumbnail","hentry"],"acf":[],"_links":{"self":[{"href":"https:\/\/piebm.org\/pl\/wp-json\/wp\/v2\/pages\/1933","targetHints":{"allow":["GET"]}}],"collection":[{"href":"https:\/\/piebm.org\/pl\/wp-json\/wp\/v2\/pages"}],"about":[{"href":"https:\/\/piebm.org\/pl\/wp-json\/wp\/v2\/types\/page"}],"author":[{"embeddable":true,"href":"https:\/\/piebm.org\/pl\/wp-json\/wp\/v2\/users\/1"}],"replies":[{"embeddable":true,"href":"https:\/\/piebm.org\/pl\/wp-json\/wp\/v2\/comments?post=1933"}],"version-history":[{"count":0,"href":"https:\/\/piebm.org\/pl\/wp-json\/wp\/v2\/pages\/1933\/revisions"}],"wp:featuredmedia":[{"embeddable":true,"href":"https:\/\/piebm.org\/pl\/wp-json\/wp\/v2\/media\/2421"}],"wp:attachment":[{"href":"https:\/\/piebm.org\/pl\/wp-json\/wp\/v2\/media?parent=1933"}],"curies":[{"name":"wp","href":"https:\/\/api.w.org\/{rel}","templated":true}]}}