{"id":6169,"date":"2024-05-06T14:46:12","date_gmt":"2024-05-06T12:46:12","guid":{"rendered":"https:\/\/piebm.org\/?page_id=6169"},"modified":"2024-07-31T00:09:56","modified_gmt":"2024-07-30T22:09:56","slug":"apps","status":"publish","type":"page","link":"https:\/\/piebm.org\/pl\/apps\/","title":{"rendered":"Download our apps"},"content":{"rendered":"\t\t<div data-elementor-type=\"wp-page\" data-elementor-id=\"6169\" class=\"elementor elementor-6169\">\n\t\t\t\t<div class=\"elementor-element elementor-element-986b291 e-flex e-con-boxed e-con e-parent\" data-id=\"986b291\" data-element_type=\"container\" data-e-type=\"container\" data-settings=\"{&quot;jet_parallax_layout_list&quot;:[]}\">\n\t\t\t\t\t<div class=\"e-con-inner\">\n\t\t\t\t<div class=\"elementor-element elementor-element-8df3173 elementor-widget elementor-widget-raven-advanced-accordion\" data-id=\"8df3173\" data-element_type=\"widget\" data-e-type=\"widget\" data-settings=\"{&quot;collapsible&quot;:&quot;yes&quot;,&quot;scroll_to_content&quot;:&quot;false&quot;}\" data-widget_type=\"raven-advanced-accordion.default\">\n\t\t\t\t<div class=\"elementor-widget-container\">\n\t\t\t\t\t\t\t\t<div id=\"jupiterx-advanced-accordion-wrapper\" class=\"jupiterx-advanced-accordion-wrapper\">\n\t\t\t\t<div class=\"jupiterx-advanced-accordion-inner-wrapper\">\n\t\t\t\t\t\t\t\t\t\t\t\t\t\t<div class=\"jupiterx-single-advanced-accordion-wrapper  jx-ac-first  jx-ac-inactive\" id=\"\" >\n\t\t\t\t<div class=\"jx-single-accordion-header\">\n\t\t\t\t\t<div class=\"jx-single-accordion-header-left\">\n\t\t\t\t\t\t<div class=\"jx-single-accordion-header-icon-toggle-wrapper jx-single-accordion-header-icon-toggle-wrapper-hide\" >\n\t\t\t\t\t\t\t\t\t\t\t\t\t<\/div>\n\t\t\t\t\t\t<span class=\"jx-ac-title\">English<\/span>\t\t\t\t\t<\/div>\n\t\t\t\t\t<div class=\"jx-single-accordion-header-right\">\n\t\t\t\t\t\t<svg aria-hidden=\"true\" class=\"jx-ac-icon-body-closed jx-ac-toggle-icon e-font-icon-svg e-fas-chevron-down\" viewBox=\"0 0 448 512\" xmlns=\"http:\/\/www.w3.org\/2000\/svg\"><path d=\"M207.029 381.476L12.686 187.132c-9.373-9.373-9.373-24.569 0-33.941l22.667-22.667c9.357-9.357 24.522-9.375 33.901-.04L224 284.505l154.745-154.021c9.379-9.335 24.544-9.317 33.901.04l22.667 22.667c9.373 9.373 9.373 24.569 0 33.941L240.971 381.476c-9.373 9.372-24.569 9.372-33.942 0z\"><\/path><\/svg><svg aria-hidden=\"true\" class=\"jx-ac-icon-body-opened jx-ac-toggle-icon e-font-icon-svg e-fas-chevron-up\" viewBox=\"0 0 448 512\" xmlns=\"http:\/\/www.w3.org\/2000\/svg\"><path d=\"M240.971 130.524l194.343 194.343c9.373 9.373 9.373 24.569 0 33.941l-22.667 22.667c-9.357 9.357-24.522 9.375-33.901.04L224 227.495 69.255 381.516c-9.379 9.335-24.544 9.317-33.901-.04l-22.667-22.667c-9.373-9.373-9.373-24.569 0-33.941L207.03 130.525c9.372-9.373 24.568-9.373 33.941-.001z\"><\/path><\/svg>\t\t\t\t\t<\/div>\n\t\t\t\t<\/div>\n\t\t\t\t<div class=\"jx-single-accordion-body  jx-ac-body-none\">\n\t\t\t\t\t<div class=\"jx-ac-content\">\n\t\t\t\t\t\t<div class=\"jx-ac-content-inner-wrapper\">\n\t\t\t\t\t\t\t<div class=\"jupiterx-ac-content-is-editor\"><p>The McMaster Textbook of Internal Medicine is a practical, reliable, and easy to use resource tailored to the needs of physicians, trainees, and allied health professionals. On top of hundreds of textbook chapters, it includes lectures, interviews, Internal Medicine Rapid Refreshers, and reviews.<\/p><p>You can start your free trial today and log in with the same email\/Empendium account that you used to register for the course. <b>As a MIRCIM participant, you will receive unrestricted 12-month access to the McMaster Textbook after the course.<\/b> We will notify you by email once your access has been activated.<\/p><h4>McMaster Textbook of Internal Medicine<\/h4><p><a href=\"https:\/\/play.google.com\/store\/apps\/details?id=com.empendium.mcmtextbook\" target=\"_blank\" rel=\"noopener\"><img decoding=\"async\" class=\"alignnone wp-image-6196 size-full\" src=\"https:\/\/piebm.org\/wp-content\/uploads\/2024\/05\/app_google-EN.svg\" alt=\"\" width=\"135\" height=\"40\" \/><\/a> <a href=\"https:\/\/apps.apple.com\/ca\/app\/mcmaster-textbook\/id1482951015\" target=\"_blank\" rel=\"noopener\"><img decoding=\"async\" class=\"alignnone wp-image-6193 size-full\" src=\"https:\/\/piebm.org\/wp-content\/uploads\/2024\/05\/app_apple-EN.svg\" alt=\"\" width=\"120\" height=\"40\" \/> <\/a><a href=\"https:\/\/mcmastertextbook.com\/\" target=\"_blank\" rel=\"noopener\"><img decoding=\"async\" class=\"alignnone wp-image-6240 size-full\" src=\"https:\/\/piebm.org\/wp-content\/uploads\/2024\/05\/app_website-white.svg\" alt=\"\" width=\"112\" height=\"40\" \/><\/a><\/p><h4>MIRCIM official event app<\/h4><p><a href=\"https:\/\/play.google.com\/store\/apps\/details?id=pl.mkonferencja.mircim\" target=\"_blank\" rel=\"noopener\"><img decoding=\"async\" class=\"alignnone wp-image-6196 size-full\" src=\"https:\/\/piebm.org\/wp-content\/uploads\/2024\/05\/app_google-EN.svg\" alt=\"\" width=\"135\" height=\"40\" \/><\/a> <a href=\"https:\/\/apps.apple.com\/ca\/app\/mircim\/id1558851617\" target=\"_blank\" rel=\"noopener\"><img decoding=\"async\" class=\"alignnone wp-image-6193 size-full\" src=\"https:\/\/piebm.org\/wp-content\/uploads\/2024\/05\/app_apple-EN.svg\" alt=\"\" width=\"120\" height=\"40\" \/><\/a><\/p><\/div>\t\t\t\t\t\t<\/div>\n\t\t\t\t\t<\/div>\n\t\t\t\t<\/div>\n\t\t\t<\/div>\n\t\t\t\t\t\t\t\t\t\t\t\t\t\t\t\t<div class=\"jupiterx-single-advanced-accordion-wrapper  jx-ac-inactive\" id=\"\" >\n\t\t\t\t<div class=\"jx-single-accordion-header\">\n\t\t\t\t\t<div class=\"jx-single-accordion-header-left\">\n\t\t\t\t\t\t<div class=\"jx-single-accordion-header-icon-toggle-wrapper jx-single-accordion-header-icon-toggle-wrapper-hide\" >\n\t\t\t\t\t\t\t\t\t\t\t\t\t<\/div>\n\t\t\t\t\t\t<span class=\"jx-ac-title\">Espa\u00f1ol (Spanish)<\/span>\t\t\t\t\t<\/div>\n\t\t\t\t\t<div class=\"jx-single-accordion-header-right\">\n\t\t\t\t\t\t<svg aria-hidden=\"true\" class=\"jx-ac-icon-body-closed jx-ac-toggle-icon e-font-icon-svg e-fas-chevron-down\" viewBox=\"0 0 448 512\" xmlns=\"http:\/\/www.w3.org\/2000\/svg\"><path d=\"M207.029 381.476L12.686 187.132c-9.373-9.373-9.373-24.569 0-33.941l22.667-22.667c9.357-9.357 24.522-9.375 33.901-.04L224 284.505l154.745-154.021c9.379-9.335 24.544-9.317 33.901.04l22.667 22.667c9.373 9.373 9.373 24.569 0 33.941L240.971 381.476c-9.373 9.372-24.569 9.372-33.942 0z\"><\/path><\/svg><svg aria-hidden=\"true\" class=\"jx-ac-icon-body-opened jx-ac-toggle-icon e-font-icon-svg e-fas-chevron-up\" viewBox=\"0 0 448 512\" xmlns=\"http:\/\/www.w3.org\/2000\/svg\"><path d=\"M240.971 130.524l194.343 194.343c9.373 9.373 9.373 24.569 0 33.941l-22.667 22.667c-9.357 9.357-24.522 9.375-33.901.04L224 227.495 69.255 381.516c-9.379 9.335-24.544 9.317-33.901-.04l-22.667-22.667c-9.373-9.373-9.373-24.569 0-33.941L207.03 130.525c9.372-9.373 24.568-9.373 33.941-.001z\"><\/path><\/svg>\t\t\t\t\t<\/div>\n\t\t\t\t<\/div>\n\t\t\t\t<div class=\"jx-single-accordion-body  jx-ac-body-none\">\n\t\t\t\t\t<div class=\"jx-ac-content\">\n\t\t\t\t\t\t<div class=\"jx-ac-content-inner-wrapper\">\n\t\t\t\t\t\t\t<div class=\"jupiterx-ac-content-is-editor\"><p><strong>Empendium m\u00f3vil<\/strong> es una aplicaci\u00f3n gratuita para m\u00e9dicos, estudiantes de medicina y otros profesionales de la salud. Presenta una informaci\u00f3n m\u00e9dica fiable y \u00fatil en la pr\u00e1ctica diaria. Incluye conferencias con los expertos m\u00e1s reconocidos en el\u00a0mundo de medicina, entrevistas con autores de gu\u00edas internacionales de\u00a0procedimiento, noticias m\u00e9dicas, calculadoras y la versi\u00f3n extendida del manual <strong>MIBE 2024\/25: Medicina Interna Basada en la Evidencia<\/strong>, con m\u00e1s de 400 cap\u00edtulos electr\u00f3nicos adicionales actualizados.<\/p><p>Reg\u00edstrese, active su cuenta y consulte gratis.\u00a0<\/p><h4>Empendium m\u00f3vil<\/h4><p><a href=\"https:\/\/play.google.com\/store\/apps\/details?id=pl.mp.empendium&amp;hl=es_419\" target=\"_blank\" rel=\"noopener\"><img loading=\"lazy\" decoding=\"async\" class=\"alignnone wp-image-6197 size-full\" src=\"https:\/\/piebm.org\/wp-content\/uploads\/2024\/05\/app_google-ES-LATAM.svg\" alt=\"\" width=\"135\" height=\"40\" \/><\/a> <a href=\"https:\/\/apps.apple.com\/es\/app\/empendium\/id440460559\" target=\"_blank\" rel=\"noopener\"><img loading=\"lazy\" decoding=\"async\" class=\"alignnone wp-image-6194 size-full\" src=\"https:\/\/piebm.org\/wp-content\/uploads\/2024\/05\/app_apple-ES-LATAM.svg\" alt=\"\" width=\"120\" height=\"40\" \/><\/a><\/p><h4>MIRCIM<\/h4><p><a href=\"https:\/\/play.google.com\/store\/apps\/details?id=pl.mkonferencja.mircim\" target=\"_blank\" rel=\"noopener\"><img loading=\"lazy\" decoding=\"async\" class=\"alignnone wp-image-6197 size-full\" src=\"https:\/\/piebm.org\/wp-content\/uploads\/2024\/05\/app_google-ES-LATAM.svg\" alt=\"\" width=\"135\" height=\"40\" \/><\/a> <a href=\"https:\/\/apps.apple.com\/es\/app\/mircim\/id1558851617\" target=\"_blank\" rel=\"noopener\"><img loading=\"lazy\" decoding=\"async\" class=\"alignnone wp-image-6194 size-full\" src=\"https:\/\/piebm.org\/wp-content\/uploads\/2024\/05\/app_apple-ES-LATAM.svg\" alt=\"\" width=\"120\" height=\"40\" \/><\/a><\/p><\/div>\t\t\t\t\t\t<\/div>\n\t\t\t\t\t<\/div>\n\t\t\t\t<\/div>\n\t\t\t<\/div>\n\t\t\t\t\t\t\t\t\t\t\t\t\t\t\t\t<div class=\"jupiterx-single-advanced-accordion-wrapper  jx-ac-last  jx-ac-inactive\" id=\"\" >\n\t\t\t\t<div class=\"jx-single-accordion-header\">\n\t\t\t\t\t<div class=\"jx-single-accordion-header-left\">\n\t\t\t\t\t\t<div class=\"jx-single-accordion-header-icon-toggle-wrapper jx-single-accordion-header-icon-toggle-wrapper-hide\" >\n\t\t\t\t\t\t\t\t\t\t\t\t\t<\/div>\n\t\t\t\t\t\t<span class=\"jx-ac-title\">\u0423\u043a\u0440\u0430\u0457\u043d\u0441\u044c\u043a\u0430 (Ukrainian)<\/span>\t\t\t\t\t<\/div>\n\t\t\t\t\t<div class=\"jx-single-accordion-header-right\">\n\t\t\t\t\t\t<svg aria-hidden=\"true\" class=\"jx-ac-icon-body-closed jx-ac-toggle-icon e-font-icon-svg e-fas-chevron-down\" viewBox=\"0 0 448 512\" xmlns=\"http:\/\/www.w3.org\/2000\/svg\"><path d=\"M207.029 381.476L12.686 187.132c-9.373-9.373-9.373-24.569 0-33.941l22.667-22.667c9.357-9.357 24.522-9.375 33.901-.04L224 284.505l154.745-154.021c9.379-9.335 24.544-9.317 33.901.04l22.667 22.667c9.373 9.373 9.373 24.569 0 33.941L240.971 381.476c-9.373 9.372-24.569 9.372-33.942 0z\"><\/path><\/svg><svg aria-hidden=\"true\" class=\"jx-ac-icon-body-opened jx-ac-toggle-icon e-font-icon-svg e-fas-chevron-up\" viewBox=\"0 0 448 512\" xmlns=\"http:\/\/www.w3.org\/2000\/svg\"><path d=\"M240.971 130.524l194.343 194.343c9.373 9.373 9.373 24.569 0 33.941l-22.667 22.667c-9.357 9.357-24.522 9.375-33.901.04L224 227.495 69.255 381.516c-9.379 9.335-24.544 9.317-33.901-.04l-22.667-22.667c-9.373-9.373-9.373-24.569 0-33.941L207.03 130.525c9.372-9.373 24.568-9.373 33.941-.001z\"><\/path><\/svg>\t\t\t\t\t<\/div>\n\t\t\t\t<\/div>\n\t\t\t\t<div class=\"jx-single-accordion-body  jx-ac-body-none\">\n\t\t\t\t\t<div class=\"jx-ac-content\">\n\t\t\t\t\t\t<div class=\"jx-ac-content-inner-wrapper\">\n\t\t\t\t\t\t\t<div class=\"jupiterx-ac-content-is-editor\"><p><strong>\u0412\u043d\u0443\u0442\u0440\u0456\u0448\u043d\u0456 \u0445\u0432\u043e\u0440\u043e\u0431\u0438. \u041f\u0456\u0434\u0440\u0443\u0447\u043d\u0438\u043a, \u0437\u0430\u0441\u043d\u043e\u0432\u0430\u043d\u0438\u0439 \u043d\u0430 \u043f\u0440\u0438\u043d\u0446\u0438\u043f\u0430\u0445 \u0434\u043e\u043a\u0430\u0437\u043e\u0432\u043e\u0457 \u043c\u0435\u0434\u0438\u0446\u0438\u043d\u0438<\/strong> \u2013 \u0446\u0435 \u043f\u043e\u0441\u0456\u0431\u043d\u0438\u043a, \u0449\u043e \u043c\u0456\u0441\u0442\u0438\u0442\u044c \u0442\u043e\u0447\u043d\u0443 \u0456\u043d\u0444\u043e\u0440\u043c\u0430\u0446\u0456\u044e \u043f\u0440\u043e \u0432\u043d\u0443\u0442\u0440\u0456\u0448\u043d\u0456 \u0445\u0432\u043e\u0440\u043e\u0431\u0438, \u044f\u043a\u0430 \u0454 \u043d\u0435\u043e\u0431\u0445\u0456\u0434\u043d\u043e\u044e \u0443 \u043f\u043e\u0432\u0441\u044f\u043a\u0434\u0435\u043d\u043d\u0456\u0439 \u043f\u0440\u0430\u043a\u0442\u0438\u0446\u0456, \u0432\u0456\u0434\u043f\u043e\u0432\u0456\u0434\u0430\u0454 \u0443\u043a\u0440\u0430\u0457\u043d\u0441\u044c\u043a\u0438\u043c \u0441\u0442\u0430\u043d\u0434\u0430\u0440\u0442\u0430\u043c \u043b\u0456\u043a\u0443\u0432\u0430\u043d\u043d\u044f, \u0437 \u0440\u0435\u043a\u043e\u043c\u0435\u043d\u0434\u0430\u0446\u0456\u044f\u043c\u0438 \u043c\u0456\u0436\u043d\u0430\u0440\u043e\u0434\u043d\u0438\u0445 \u043d\u0430\u0443\u043a\u043e\u0432\u0438\u0445 \u0442\u043e\u0432\u0430\u0440\u0438\u0441\u0442\u0432, \u0430\u0434\u0430\u043f\u0442\u043e\u0432\u0430\u043d\u0438\u0439 \u0433\u0440\u0443\u043f\u043e\u044e \u0443\u043a\u0440\u0430\u0457\u043d\u0441\u044c\u043a\u0438\u0445 \u0435\u043a\u0441\u043f\u0435\u0440\u0442\u0456\u0432.<\/p><p>\u041c\u043e\u0431\u0456\u043b\u044c\u043d\u0438\u0439 \u0437\u0430\u0441\u0442\u043e\u0441\u0443\u043d\u043e\u043a\u00a0Empendium \u043d\u0430\u0434\u0430\u0454 \u0431\u0435\u0437\u043a\u043e\u0448\u0442\u043e\u0432\u043d\u0438\u0439 \u0434\u043e\u0441\u0442\u0443\u043f \u0434\u043e \u043d\u0430\u0441\u0442\u0443\u043f\u043d\u0438\u0445 \u043c\u043e\u0434\u0443\u043b\u0456\u0432: \u043f\u043e\u0432\u043d\u0430 \u0432\u0435\u0440\u0441\u0456\u044f \u043f\u043e\u0441\u0456\u0431\u043d\u0438\u043a\u0430 \u00ab\u0412\u043d\u0443\u0442\u0440\u0456\u0448\u043d\u0456 \u0445\u0432\u043e\u0440\u043e\u0431\u0438. \u041f\u0456\u0434\u0440\u0443\u0447\u043d\u0438\u043a, \u0437\u0430\u0441\u043d\u043e\u0432\u0430\u043d\u0438\u0439 \u043d\u0430 \u043f\u0440\u0438\u043d\u0446\u0438\u043f\u0430\u0445 \u0434\u043e\u043a\u0430\u0437\u043e\u0432\u043e\u0457 \u043c\u0435\u0434\u0438\u0446\u0438\u043d\u0438\u00bb \u0443 \u0432\u0456\u0434\u043f\u043e\u0432\u0456\u0434\u043d\u043e\u0441\u0442\u0456 \u0434\u043e \u0430\u043a\u0442\u0443\u0430\u043b\u044c\u043d\u0438\u0445 \u0440\u0435\u043a\u043e\u043c\u0435\u043d\u0434\u0430\u0446\u0456\u0439; \u043d\u043e\u0432\u0438\u043d\u0438, \u0440\u0435\u043a\u043e\u043c\u0435\u043d\u0434\u0430\u0446\u0456\u0457, \u043d\u0430\u0441\u0442\u0430\u043d\u043e\u0432\u0438 \u0442\u0430 \u0430\u043d\u0430\u043b\u0456\u0437 \u043a\u043b\u0456\u043d\u0456\u0447\u043d\u0438\u0445 \u0434\u043e\u0441\u043b\u0456\u0434\u0436\u0435\u043d\u044c \u0456\u0437 \u043a\u043e\u043c\u0435\u043d\u0442\u0430\u0440\u044f\u043c\u0438; \u0432\u0456\u0434\u043f\u043e\u0432\u0456\u0434\u0456 \u0430\u0432\u0442\u043e\u0440\u0456\u0432 \u043c\u0456\u0436\u043d\u0430\u0440\u043e\u0434\u043d\u0438\u0445 \u0440\u0435\u043a\u043e\u043c\u0435\u043d\u0434\u0430\u0446\u0456\u0439 \u043d\u0430 \u043f\u0438\u0442\u0430\u043d\u043d\u044f; \u043a\u043e\u043d\u0444\u0435\u0440\u0435\u043d\u0446\u0456\u0457 \u0442\u0430 \u0456\u043d\u0442\u0435\u0440\u0432'\u044e\u00a0(\u0430\u0443\u0434\u0456\u043e\u0432\u0456\u0437\u0443\u0430\u043b\u044c\u043d\u0456 \u043c\u0430\u0442\u0435\u0440\u0456\u0430\u043b\u0438).<\/p><h4>\u0412\u043d\u0443\u0442\u0440\u0456\u0448\u043d\u0456 \u0445\u0432\u043e\u0440\u043e\u0431\u0438. \u041f\u0456\u0434\u0440\u0443\u0447\u043d\u0438\u043a, \u0437\u0430\u0441\u043d\u043e\u0432\u0430\u043d\u0438\u0439 \u043d\u0430 \u043f\u0440\u0438\u043d\u0446\u0438\u043f\u0430\u0445 \u0434\u043e\u043a\u0430\u0437\u043e\u0432\u043e\u0457 \u043c\u0435\u0434\u0438\u0446\u0438\u043d\u0438<\/h4><p><a href=\"https:\/\/play.google.com\/store\/apps\/details?id=pl.mp.empendium&amp;hl=uk\" target=\"_blank\" rel=\"noopener\"><img loading=\"lazy\" decoding=\"async\" class=\"alignnone wp-image-6199 size-full\" src=\"https:\/\/piebm.org\/wp-content\/uploads\/2024\/05\/app_google-UA.svg\" alt=\"\" width=\"135\" height=\"40\" \/><\/a> <a href=\"https:\/\/apps.apple.com\/ua\/app\/empendium\/id440460559\" target=\"_blank\" rel=\"noopener\"><img decoding=\"async\" class=\"alignnone wp-image-6193 size-full\" src=\"https:\/\/piebm.org\/wp-content\/uploads\/2024\/05\/app_apple-EN.svg\" alt=\"\" width=\"120\" height=\"40\" \/><\/a><\/p><h4>\u041e\u0444\u0456\u0446\u0456\u0439\u043d\u0438\u0439 \u0434\u043e\u0434\u0430\u0442\u043e\u043a \u0434\u043b\u044f \u043f\u043e\u0434\u0456\u0439\u00a0MIRCIM<\/h4><p><a href=\"https:\/\/play.google.com\/store\/apps\/details?id=pl.mkonferencja.mircim\" target=\"_blank\" rel=\"noopener\"><img loading=\"lazy\" decoding=\"async\" class=\"alignnone wp-image-6199 size-full\" src=\"https:\/\/piebm.org\/wp-content\/uploads\/2024\/05\/app_google-UA.svg\" alt=\"\" width=\"135\" height=\"40\" \/><\/a> <a href=\"https:\/\/apps.apple.com\/ua\/app\/mircim\/id1558851617\" target=\"_blank\" rel=\"noopener\"><img decoding=\"async\" class=\"alignnone wp-image-6193 size-full\" src=\"https:\/\/piebm.org\/wp-content\/uploads\/2024\/05\/app_apple-EN.svg\" alt=\"\" width=\"120\" height=\"40\" \/><\/a><\/p><\/div>\t\t\t\t\t\t<\/div>\n\t\t\t\t\t<\/div>\n\t\t\t\t<\/div>\n\t\t\t<\/div>\n\t\t\t\t\t\t\t\t\t\t\t<\/div>\n\t\t\t<\/div>\n\t\t\t\t\t\t\t<\/div>\n\t\t\t\t<\/div>\n\t\t\t\t\t<\/div>\n\t\t\t\t<\/div>\n\t\t\t\t<\/div>\n\t\t","protected":false},"excerpt":{"rendered":"<p>English The McMaster Textbook of Internal Medicine is a practical, reliable, and easy to use resource tailored to the needs of physicians, trainees, and allied health professionals. On top of hundreds of textbook chapters, it includes lectures, interviews, Internal Medicine Rapid Refreshers, and reviews. You can start your free trial today and log in with [&hellip;]<\/p>\n","protected":false},"author":1,"featured_media":6170,"parent":0,"menu_order":0,"comment_status":"closed","ping_status":"closed","template":"","meta":{"_acf_changed":false,"_themeisle_gutenberg_block_has_review":false,"footnotes":""},"class_list":["post-6169","page","type-page","status-publish","has-post-thumbnail","hentry"],"acf":[],"_links":{"self":[{"href":"https:\/\/piebm.org\/pl\/wp-json\/wp\/v2\/pages\/6169","targetHints":{"allow":["GET"]}}],"collection":[{"href":"https:\/\/piebm.org\/pl\/wp-json\/wp\/v2\/pages"}],"about":[{"href":"https:\/\/piebm.org\/pl\/wp-json\/wp\/v2\/types\/page"}],"author":[{"embeddable":true,"href":"https:\/\/piebm.org\/pl\/wp-json\/wp\/v2\/users\/1"}],"replies":[{"embeddable":true,"href":"https:\/\/piebm.org\/pl\/wp-json\/wp\/v2\/comments?post=6169"}],"version-history":[{"count":0,"href":"https:\/\/piebm.org\/pl\/wp-json\/wp\/v2\/pages\/6169\/revisions"}],"wp:featuredmedia":[{"embeddable":true,"href":"https:\/\/piebm.org\/pl\/wp-json\/wp\/v2\/media\/6170"}],"wp:attachment":[{"href":"https:\/\/piebm.org\/pl\/wp-json\/wp\/v2\/media?parent=6169"}],"curies":[{"name":"wp","href":"https:\/\/api.w.org\/{rel}","templated":true}]}}